{"id":5898,"date":"2024-10-24T12:26:57","date_gmt":"2024-10-24T12:26:57","guid":{"rendered":"https:\/\/deluxfindco.com\/product\/lady-dior-mi-alligator-metall\/"},"modified":"2025-02-01T09:05:35","modified_gmt":"2025-02-01T09:05:35","slug":"lady-dior-mi-alligator-metall","status":"publish","type":"product","link":"https:\/\/deluxfindco.com\/fr\/produit\/lady-dior-mi-alligator-metall\/","title":{"rendered":"Lady Dior Mi Alligator Metall"},"content":{"rendered":"<p>En cuir ex\u00f3tica, ce mod\u00e8le est le plus recherch\u00e9, tr\u00e8s difficile \u00e0 trouver dans ce coloris. Lady Dior mini en cuir d&#8217;alligator coloris tr\u00e8s particulier. NEUF jamais port\u00e9 avec du plastique sur la partie m\u00e9tallique comme vous pouvez l&#8217;appr\u00e9cier sur la photo, il a des micro rayures dans les pattes. Assortie : NEUVE jamais port\u00e9e Kit : \u00e9tiquette,carte ex\u00f3tica certificat de cuir (permis d&#8217;exportation),bo\u00eete,sacs. Ann\u00e9e de fabrication : 2023<\/p>\n","protected":false},"excerpt":{"rendered":"<p>En cuir ex\u00f3tica, ce mod\u00e8le est le plus recherch\u00e9, tr\u00e8s difficile \u00e0 trouver dans ce coloris. Lady Dior mini en cuir d&#8217;alligator coloris tr\u00e8s particulier. NEUF jamais port\u00e9 avec du plastique sur la partie m\u00e9tallique comme vous pouvez l&#8217;appr\u00e9cier sur la photo, il a des micro rayures au niveau des pattes.<\/p>\n","protected":false},"featured_media":5312,"template":"","meta":[],"product_brand":[],"product_cat":[209],"product_tag":[],"class_list":{"0":"post-5898","1":"product","2":"type-product","3":"status-publish","4":"has-post-thumbnail","6":"product_cat-dior-fr-2","8":"first","9":"outofstock","10":"featured","11":"taxable","12":"shipping-taxable","13":"purchasable","14":"product-type-simple"},"_links":{"self":[{"href":"https:\/\/deluxfindco.com\/fr\/wp-json\/wp\/v2\/product\/5898","targetHints":{"allow":["GET"]}}],"collection":[{"href":"https:\/\/deluxfindco.com\/fr\/wp-json\/wp\/v2\/product"}],"about":[{"href":"https:\/\/deluxfindco.com\/fr\/wp-json\/wp\/v2\/types\/product"}],"wp:featuredmedia":[{"embeddable":true,"href":"https:\/\/deluxfindco.com\/fr\/wp-json\/wp\/v2\/media\/5312"}],"wp:attachment":[{"href":"https:\/\/deluxfindco.com\/fr\/wp-json\/wp\/v2\/media?parent=5898"}],"wp:term":[{"taxonomy":"product_brand","embeddable":true,"href":"https:\/\/deluxfindco.com\/fr\/wp-json\/wp\/v2\/product_brand?post=5898"},{"taxonomy":"product_cat","embeddable":true,"href":"https:\/\/deluxfindco.com\/fr\/wp-json\/wp\/v2\/product_cat?post=5898"},{"taxonomy":"product_tag","embeddable":true,"href":"https:\/\/deluxfindco.com\/fr\/wp-json\/wp\/v2\/product_tag?post=5898"}],"curies":[{"name":"wp","href":"https:\/\/api.w.org\/{rel}","templated":true}]}}