{"id":5890,"date":"2025-01-08T07:54:47","date_gmt":"2025-01-08T07:54:47","guid":{"rendered":"https:\/\/deluxfindco.com\/product\/louis-vuitton-monogram-reverse-canvas-bag\/"},"modified":"2025-02-01T09:05:35","modified_gmt":"2025-02-01T09:05:35","slug":"louis-vuitton-monogram-reverse-canvas-bag","status":"publish","type":"product","link":"https:\/\/deluxfindco.com\/fr\/produit\/louis-vuitton-monogram-reverse-canvas-bag\/","title":{"rendered":"Louis Vuitton Monogram Reverse Canvas Bag"},"content":{"rendered":"<p>Petite Malle marron avec bandouli\u00e8re amovible, correspond \u00e0 neuf jamais port\u00e9, a 2 micro rayures sur la partie fermoir, le sac n&#8217;est pas et n&#8217;a <strong>jamais \u00e9t\u00e9 utilis\u00e9<\/strong><\/p>\n<p><strong>Puce RFID<\/strong><\/p>\n<p>Un sac id\u00e9al \u00e0 emporter partout ! Chaque d\u00e9tail du sac Petite Malle s&#8217;inspire de l&#8217;histoire des malles Louis Vuitton : la forme, la toile Monogram Reverse, la serrure et les d\u00e9tails dor\u00e9s &#8211; m\u00eame la doublure en peau de mouton reprend un motif classique de Louis Vuitton. Impeccablement confectionn\u00e9e, cette &#8220;petite malle&#8221; se transporte facilement de la journ\u00e9e au soir. Elle peut \u00eatre port\u00e9e comme une pochette ou attach\u00e9e \u00e0 la bandouli\u00e8re r\u00e9glable pour un portage crois\u00e9. Ce style structur\u00e9 et \u00e9l\u00e9gant est un classique intemporel, parfait pour compl\u00e9ter une collection. C&#8217;est un excellent accessoire qui sera id\u00e9al pour un usage quotidien avec le luxe et le style de Louis Vuitton ! <\/p>\n<ul>\n<li>Cr\u00e9ateur : Louis Vuitton<\/li>\n<li>Mod\u00e8le : Petitte Malle<\/li>\n<li>Dimensions : 20 x 12,5 x 6 cm ou 7,9 x 4,9 x 2,4 pouces (longueur x hauteur x largeur), hauteur d&#8217;\u00e9paule 50-55 cm ou 19,7-21,7 pouces<\/li>\n<li>Mati\u00e8re : toile enduite Monogram Reverse, garniture en toile enduite Monogram<\/li>\n<li>Doublure : doublure en peau de mouton avec impression<\/li>\n<\/ul>\n<p><strong>Malletage<\/strong><\/p>\n<ul>\n<li>Poign\u00e9es : bandouli\u00e8re amovible<\/li>\n<li>Fermeture\/ouverture : S-lock<\/li>\n<li>Poches int\u00e9rieures : 1 poche plate<\/li>\n<li>Quincaillerie : ton or<\/li>\n<li>Origine : France<\/li>\n<li>\u00c9tat : 9,5\/10 excellent \u00e9tat<\/li>\n<li>Livr\u00e9 avec un sac \u00e0 poussi\u00e8re<\/li>\n<\/ul>\n","protected":false},"excerpt":{"rendered":"<p>Petite Malle marron avec bandouli\u00e8re amovible, correspond \u00e0 neuf jamais port\u00e9, a 2 micro rayures sur la partie fermoir, le sac n&#8217;a pas et n&#8217;a <strong>jamais \u00e9t\u00e9 utilis\u00e9<\/strong>.<\/p>\n<p><strong>Puce RFID<\/strong><\/p>\n<p>Un sac id\u00e9al \u00e0 emporter partout ! Chaque d\u00e9tail du sac Petite Malle s&#8217;inspire de l&#8217;histoire des malles Louis Vuitton : la forme, la toile Monogram Reverse, la serrure et les d\u00e9tails dor\u00e9s &#8211; m\u00eame la doublure en peau de mouton reprend un motif classique de Louis Vuitton. Impeccablement confectionn\u00e9e, cette &#8220;petite malle&#8221; se transporte facilement de la journ\u00e9e au soir. Elle peut \u00eatre port\u00e9e comme une pochette ou attach\u00e9e \u00e0 la bandouli\u00e8re r\u00e9glable pour un portage crois\u00e9. Ce style structur\u00e9 et \u00e9l\u00e9gant est un classique intemporel, parfait pour compl\u00e9ter une collection. C&#8217;est un excellent accessoire qui sera id\u00e9al pour un usage quotidien avec le luxe et le style de Louis Vuitton ! <\/p>\n<p>&nbsp;<\/p>\n","protected":false},"featured_media":5300,"template":"","meta":[],"product_brand":[],"product_cat":[139,145],"product_tag":[],"class_list":{"0":"post-5890","1":"product","2":"type-product","3":"status-publish","4":"has-post-thumbnail","6":"product_cat-borse-fr","7":"product_cat-louis-vuitton-fr","9":"first","10":"outofstock","11":"featured","12":"taxable","13":"shipping-taxable","14":"purchasable","15":"product-type-simple"},"_links":{"self":[{"href":"https:\/\/deluxfindco.com\/fr\/wp-json\/wp\/v2\/product\/5890","targetHints":{"allow":["GET"]}}],"collection":[{"href":"https:\/\/deluxfindco.com\/fr\/wp-json\/wp\/v2\/product"}],"about":[{"href":"https:\/\/deluxfindco.com\/fr\/wp-json\/wp\/v2\/types\/product"}],"wp:featuredmedia":[{"embeddable":true,"href":"https:\/\/deluxfindco.com\/fr\/wp-json\/wp\/v2\/media\/5300"}],"wp:attachment":[{"href":"https:\/\/deluxfindco.com\/fr\/wp-json\/wp\/v2\/media?parent=5890"}],"wp:term":[{"taxonomy":"product_brand","embeddable":true,"href":"https:\/\/deluxfindco.com\/fr\/wp-json\/wp\/v2\/product_brand?post=5890"},{"taxonomy":"product_cat","embeddable":true,"href":"https:\/\/deluxfindco.com\/fr\/wp-json\/wp\/v2\/product_cat?post=5890"},{"taxonomy":"product_tag","embeddable":true,"href":"https:\/\/deluxfindco.com\/fr\/wp-json\/wp\/v2\/product_tag?post=5890"}],"curies":[{"name":"wp","href":"https:\/\/api.w.org\/{rel}","templated":true}]}}