{"id":5886,"date":"2025-01-08T08:32:48","date_gmt":"2025-01-08T08:32:48","guid":{"rendered":"https:\/\/deluxfindco.com\/product\/sac-a-breloques-dior\/"},"modified":"2025-02-01T09:05:34","modified_gmt":"2025-02-01T09:05:34","slug":"sac-a-breloques-dior","status":"publish","type":"product","link":"https:\/\/deluxfindco.com\/fr\/produit\/sac-a-breloques-dior\/","title":{"rendered":"Sac \u00e0 breloques Dior"},"content":{"rendered":"<p>Ce sac Dior Charm est une cr\u00e9ation pratique et compacte. R\u00e9alis\u00e9 en cuir Cosmo Cannage noir, il r\u00e9interpr\u00e8te le motif embl\u00e9matique de la Maison dans une tonalit\u00e9 moderne.<\/p>\n<p>Il est agr\u00e9ment\u00e9 d&#8217;un fermoir Dior Charm en laiton vieilli aux finitions argent\u00e9es, inspir\u00e9 de la signature embl\u00e9matique de la Maison. La bandouli\u00e8re en cuir r\u00e9glable permet de porter ce mini accessoire tendance \u00e0 l&#8217;\u00e9paule ou en bandouli\u00e8re. Cuir Cosmo Cannage noir Issu du savoir-faire spectaculaire des ateliers Dior, le cuir Cosmo Cannage est compos\u00e9 d&#8217;une couche de veau lisse sur le c\u00f4t\u00e9. Motif Cannage grav\u00e9 au laser.<\/p>\n<p>3 fentes pour cartes Clip avec breloque Dior en laiton finition argent vieilli sur le devant Signature Dior en relief \u00e0 l&#8217;int\u00e9rieur Bandouli\u00e8re r\u00e9glable en cuir avec boucle Christian Dior Paris Fabriqu\u00e9 en Italie D\u00e9tails : Largeur. 18,5cm Hauteur. 10,5cm Profondeur. 3,5cm<\/p>\n","protected":false},"excerpt":{"rendered":"<p>Dior mini Charm en cuir, couleur noir. Finition argent antique<strong>Etat :<\/strong> Neuf, jamais port\u00e9, marques minimes \u00e0 l&#8217;int\u00e9rieur dues au papier, visibles sur la photo.<strong>Sans kit.<\/strong> A l&#8217;int\u00e9rieur il y a un achat pour 3 cartes.<\/p>\n","protected":false},"featured_media":5316,"template":"","meta":[],"product_brand":[],"product_cat":[139,209],"product_tag":[],"class_list":{"0":"post-5886","1":"product","2":"type-product","3":"status-publish","4":"has-post-thumbnail","6":"product_cat-borse-fr","7":"product_cat-dior-fr-2","9":"first","10":"outofstock","11":"taxable","12":"shipping-taxable","13":"purchasable","14":"product-type-simple"},"_links":{"self":[{"href":"https:\/\/deluxfindco.com\/fr\/wp-json\/wp\/v2\/product\/5886","targetHints":{"allow":["GET"]}}],"collection":[{"href":"https:\/\/deluxfindco.com\/fr\/wp-json\/wp\/v2\/product"}],"about":[{"href":"https:\/\/deluxfindco.com\/fr\/wp-json\/wp\/v2\/types\/product"}],"wp:featuredmedia":[{"embeddable":true,"href":"https:\/\/deluxfindco.com\/fr\/wp-json\/wp\/v2\/media\/5316"}],"wp:attachment":[{"href":"https:\/\/deluxfindco.com\/fr\/wp-json\/wp\/v2\/media?parent=5886"}],"wp:term":[{"taxonomy":"product_brand","embeddable":true,"href":"https:\/\/deluxfindco.com\/fr\/wp-json\/wp\/v2\/product_brand?post=5886"},{"taxonomy":"product_cat","embeddable":true,"href":"https:\/\/deluxfindco.com\/fr\/wp-json\/wp\/v2\/product_cat?post=5886"},{"taxonomy":"product_tag","embeddable":true,"href":"https:\/\/deluxfindco.com\/fr\/wp-json\/wp\/v2\/product_tag?post=5886"}],"curies":[{"name":"wp","href":"https:\/\/api.w.org\/{rel}","templated":true}]}}