{"id":5883,"date":"2025-01-08T08:24:32","date_gmt":"2025-01-08T08:24:32","guid":{"rendered":"https:\/\/deluxfindco.com\/product\/louis-vuitton-side-trunk-bag\/"},"modified":"2025-02-01T09:05:34","modified_gmt":"2025-02-01T09:05:34","slug":"louis-vuitton-side-trunk-bag","status":"publish","type":"product","link":"https:\/\/deluxfindco.com\/fr\/produit\/louis-vuitton-side-trunk-bag\/","title":{"rendered":"Louis Vuitton Side Trunk Bag"},"content":{"rendered":"<p>Ce sac \u00e0 bandouli\u00e8re Louis Vuitton est d&#8217;une riche couleur marron et comporte des accessoires dor\u00e9s. Fabriqu\u00e9 \u00e0 partir de mat\u00e9riaux durables, le sac est class\u00e9 comme neuf mais pr\u00e9sente des micro-rayures sur les parties m\u00e9talliques de la poign\u00e9e (derni\u00e8re photo), la bandouli\u00e8re et l&#8217;int\u00e9rieur du sac est impeccable car il n&#8217;a jamais \u00e9t\u00e9 utilis\u00e9. Cet \u00e9l\u00e9gant accessoire allie la fonctionnalit\u00e9 \u00e0 l&#8217;\u00e9l\u00e9gance associ\u00e9e \u00e0 la marque Louis Vuitton. Prix catalogue Italie \u20ac3,200 Dustbag Chip RFID inclus Le sac Side Trunk MM a \u00e9t\u00e9 con\u00e7u par Nicolas Ghesqui\u00e8re en hommage aux bagages traditionnels de la Maison. Ce mod\u00e8le exclusif est r\u00e9alis\u00e9 en toile Monogram, avec des garnitures en cuir, des coins renforc\u00e9s en m\u00e9tal et une fermeture \u00e0 glissi\u00e8re avec le syst\u00e8me de fermeture iconique en forme de S. La large poign\u00e9e et la fine bandouli\u00e8re, toutes deux amovibles, permettent de porter cette cr\u00e9ation de diff\u00e9rentes mani\u00e8res. 23,5 x 16x 8,5cm (Longueur x Hauteur x Largeur) Toile Monogram Garniture en cuir de vachette naturel vieilli Doublure en microfibre Pi\u00e8ces m\u00e9talliques dor\u00e9es Fermeture \u00e0 glissi\u00e8re et syst\u00e8me de fermeture unique en forme de S sur le c\u00f4t\u00e9 Bandouli\u00e8re : Amovible, r\u00e9glable Hauteur de la bandouli\u00e8re (Light) : 53,0 cm Hauteur de la bandouli\u00e8re (Light) Max : 58,0 cm Poign\u00e9e : Simplement amovible<\/p>\n","protected":false},"excerpt":{"rendered":"<p>Ce sac \u00e0 bandouli\u00e8re Louis Vuitton est fabriqu\u00e9 dans une riche couleur marron et pr\u00e9sente des ferrures dor\u00e9es. Fabriqu\u00e9 \u00e0 partir de mat\u00e9riaux durables, le sac est class\u00e9 comme neuf mais pr\u00e9sente des micro-rayures sur les parties m\u00e9talliques de la poign\u00e9e (derni\u00e8re photo), la bandouli\u00e8re et l&#8217;int\u00e9rieur du sac est impeccable car il n&#8217;a jamais \u00e9t\u00e9 utilis\u00e9. Cet accessoire \u00e9l\u00e9gant allie la fonctionnalit\u00e9 \u00e0 l&#8217;\u00e9l\u00e9gance associ\u00e9e \u00e0 la marque Louis Vuitton. Sac \u00e0 poussi\u00e8re inclus Puce RFID<\/p>\n","protected":false},"featured_media":5588,"template":"","meta":[],"product_brand":[],"product_cat":[139,145],"product_tag":[],"class_list":{"0":"post-5883","1":"product","2":"type-product","3":"status-publish","4":"has-post-thumbnail","6":"product_cat-borse-fr","7":"product_cat-louis-vuitton-fr","9":"first","10":"outofstock","11":"featured","12":"taxable","13":"shipping-taxable","14":"purchasable","15":"product-type-simple"},"_links":{"self":[{"href":"https:\/\/deluxfindco.com\/fr\/wp-json\/wp\/v2\/product\/5883","targetHints":{"allow":["GET"]}}],"collection":[{"href":"https:\/\/deluxfindco.com\/fr\/wp-json\/wp\/v2\/product"}],"about":[{"href":"https:\/\/deluxfindco.com\/fr\/wp-json\/wp\/v2\/types\/product"}],"wp:featuredmedia":[{"embeddable":true,"href":"https:\/\/deluxfindco.com\/fr\/wp-json\/wp\/v2\/media\/5588"}],"wp:attachment":[{"href":"https:\/\/deluxfindco.com\/fr\/wp-json\/wp\/v2\/media?parent=5883"}],"wp:term":[{"taxonomy":"product_brand","embeddable":true,"href":"https:\/\/deluxfindco.com\/fr\/wp-json\/wp\/v2\/product_brand?post=5883"},{"taxonomy":"product_cat","embeddable":true,"href":"https:\/\/deluxfindco.com\/fr\/wp-json\/wp\/v2\/product_cat?post=5883"},{"taxonomy":"product_tag","embeddable":true,"href":"https:\/\/deluxfindco.com\/fr\/wp-json\/wp\/v2\/product_tag?post=5883"}],"curies":[{"name":"wp","href":"https:\/\/api.w.org\/{rel}","templated":true}]}}