{"id":5877,"date":"2025-01-08T08:40:55","date_gmt":"2025-01-08T08:40:55","guid":{"rendered":"https:\/\/deluxfindco.com\/product\/sac-en-crocodile-peekaboo-iseeu-de-fendi\/"},"modified":"2025-02-01T09:05:34","modified_gmt":"2025-02-01T09:05:34","slug":"sac-en-crocodile-peekaboo-iseeu-de-fendi","status":"publish","type":"product","link":"https:\/\/deluxfindco.com\/fr\/produit\/sac-en-crocodile-peekaboo-iseeu-de-fendi\/","title":{"rendered":"Sac en crocodile Peekaboo IseeU de Fendi"},"content":{"rendered":"<p>Petit sac Peekaboo ISeeU en cuir de crocodile fin rouge fonc\u00e9 brillant. L&#8217;int\u00e9rieur est organis\u00e9 en deux compartiments divis\u00e9s par une cloison rigide, la fermeture pivotante embl\u00e9matique \u00e0 l&#8217;avant et la fermeture \u00e0 glissi\u00e8re \u00e0 l <span class=\"il\">&#8216;<\/span>arri\u00e8re.<\/p>\n<p>Pochette int\u00e9rieure amovible en cuir avec motif FF noir et gris. Ferrures en m\u00e9tal avec finition palladium. Il peut \u00eatre port\u00e9 \u00e0 la main ou \u00e0 l&#8217;\u00e9paule gr\u00e2ce \u00e0 la poign\u00e9e et \u00e0 la bandouli\u00e8re r\u00e9glables et amovibles. Couleur rouge fonc\u00e9 brillant. Ann\u00e9e de production 2022.<\/p>\n","protected":false},"excerpt":{"rendered":"<p>Petit sac Peekaboo ISeeU en cuir de crocodile fin rouge fonc\u00e9 brillant. L&#8217;int\u00e9rieur est organis\u00e9 en deux compartiments divis\u00e9s par une cloison rigide, la fermeture pivotante embl\u00e9matique \u00e0 l&#8217;avant et la fermeture \u00e0 glissi\u00e8re \u00e0 l <span class=\"il\">&#8216;<\/span>arri\u00e8re.<\/p>\n<p>Pochette int\u00e9rieure amovible en cuir avec motif FF noir et gris. Ferrures en m\u00e9tal avec finition palladium. Il peut \u00eatre port\u00e9 \u00e0 la main ou \u00e0 l&#8217;\u00e9paule gr\u00e2ce \u00e0 la poign\u00e9e et \u00e0 la bandouli\u00e8re r\u00e9glables et amovibles. Couleur rouge fonc\u00e9 brillant. Ann\u00e9e de production 2022.<\/p>\n","protected":false},"featured_media":5308,"template":"","meta":[],"product_brand":[],"product_cat":[139,195],"product_tag":[],"class_list":{"0":"post-5877","1":"product","2":"type-product","3":"status-publish","4":"has-post-thumbnail","6":"product_cat-borse-fr","7":"product_cat-fendi","9":"first","10":"outofstock","11":"taxable","12":"shipping-taxable","13":"purchasable","14":"product-type-simple"},"_links":{"self":[{"href":"https:\/\/deluxfindco.com\/fr\/wp-json\/wp\/v2\/product\/5877","targetHints":{"allow":["GET"]}}],"collection":[{"href":"https:\/\/deluxfindco.com\/fr\/wp-json\/wp\/v2\/product"}],"about":[{"href":"https:\/\/deluxfindco.com\/fr\/wp-json\/wp\/v2\/types\/product"}],"wp:featuredmedia":[{"embeddable":true,"href":"https:\/\/deluxfindco.com\/fr\/wp-json\/wp\/v2\/media\/5308"}],"wp:attachment":[{"href":"https:\/\/deluxfindco.com\/fr\/wp-json\/wp\/v2\/media?parent=5877"}],"wp:term":[{"taxonomy":"product_brand","embeddable":true,"href":"https:\/\/deluxfindco.com\/fr\/wp-json\/wp\/v2\/product_brand?post=5877"},{"taxonomy":"product_cat","embeddable":true,"href":"https:\/\/deluxfindco.com\/fr\/wp-json\/wp\/v2\/product_cat?post=5877"},{"taxonomy":"product_tag","embeddable":true,"href":"https:\/\/deluxfindco.com\/fr\/wp-json\/wp\/v2\/product_tag?post=5877"}],"curies":[{"name":"wp","href":"https:\/\/api.w.org\/{rel}","templated":true}]}}