{"id":5869,"date":"2025-01-08T08:52:12","date_gmt":"2025-01-08T08:52:12","guid":{"rendered":"https:\/\/deluxfindco.com\/product\/louis-vuitton-lv-capucines-mini-sac-en-cuir-blanc\/"},"modified":"2025-02-01T09:05:33","modified_gmt":"2025-02-01T09:05:33","slug":"louis-vuitton-lv-capucines-mini-sac-en-cuir-blanc","status":"publish","type":"product","link":"https:\/\/deluxfindco.com\/fr\/produit\/louis-vuitton-lv-capucines-mini-sac-en-cuir-blanc\/","title":{"rendered":"Louis Vuitton LV Capucines Mini Sac en cuir blanc"},"content":{"rendered":"<p>Sac Louis Vuitton Capucines en cuir Taurillon de couleur blanche par une technique de teinture profonde, ce sac est class\u00e9 comme neuf jamais port\u00e9 mais pr\u00e9sente des micro rayures sur la partie m\u00e9tallique de la base (pieds) comme vous pouvez l&#8217;appr\u00e9cier sur la photo, la poign\u00e9e et la bandouli\u00e8re ne pr\u00e9sentent aucune trace d&#8217;utilisation et l&#8217;int\u00e9rieur du sac est impeccable. Complet avec Dustbag <\/p>\n<p>Puce RFID<\/p>\n<p>Description 21 x 14 x 8 cm (Longueur x Hauteur x Largeur) Cuir Taurillon Couleur : Blanc Garniture en cuir Taurillon Doublure en cuir de vachette Pi\u00e8ces m\u00e9talliques dor\u00e9es Deux styles diff\u00e9rents : le rabat peut \u00eatre d\u00e9pli\u00e9 ou ins\u00e9r\u00e9 \u00e0 l&#8217;int\u00e9rieur Int\u00e9rieur compartiment\u00e9 avec poche plate int\u00e9rieure Quatre pieds de support sur la base Bandouli\u00e8re : Amovible, non ajustable Hauteur (L\u00e9g\u00e8re) : 52.0 cm Poign\u00e9e : Simple<\/p>\n","protected":false},"excerpt":{"rendered":"<p>Sac Louis Vuitton Capucines en cuir Taurillon de couleur blanche utilisant une technique de teinture profonde, ce sac est class\u00e9 comme neuf jamais port\u00e9 mais pr\u00e9sente des micro rayures sur les parties m\u00e9talliques de la base (pieds) comme vous pouvez le voir sur la photo, la poign\u00e9e et la bandouli\u00e8re ne pr\u00e9sentent aucune trace d&#8217;utilisation et l&#8217;int\u00e9rieur du sac est impeccable.<\/p>\n","protected":false},"featured_media":5292,"template":"","meta":[],"product_brand":[],"product_cat":[139,145],"product_tag":[],"class_list":{"0":"post-5869","1":"product","2":"type-product","3":"status-publish","4":"has-post-thumbnail","6":"product_cat-borse-fr","7":"product_cat-louis-vuitton-fr","9":"first","10":"outofstock","11":"featured","12":"taxable","13":"shipping-taxable","14":"purchasable","15":"product-type-simple"},"_links":{"self":[{"href":"https:\/\/deluxfindco.com\/fr\/wp-json\/wp\/v2\/product\/5869","targetHints":{"allow":["GET"]}}],"collection":[{"href":"https:\/\/deluxfindco.com\/fr\/wp-json\/wp\/v2\/product"}],"about":[{"href":"https:\/\/deluxfindco.com\/fr\/wp-json\/wp\/v2\/types\/product"}],"wp:featuredmedia":[{"embeddable":true,"href":"https:\/\/deluxfindco.com\/fr\/wp-json\/wp\/v2\/media\/5292"}],"wp:attachment":[{"href":"https:\/\/deluxfindco.com\/fr\/wp-json\/wp\/v2\/media?parent=5869"}],"wp:term":[{"taxonomy":"product_brand","embeddable":true,"href":"https:\/\/deluxfindco.com\/fr\/wp-json\/wp\/v2\/product_brand?post=5869"},{"taxonomy":"product_cat","embeddable":true,"href":"https:\/\/deluxfindco.com\/fr\/wp-json\/wp\/v2\/product_cat?post=5869"},{"taxonomy":"product_tag","embeddable":true,"href":"https:\/\/deluxfindco.com\/fr\/wp-json\/wp\/v2\/product_tag?post=5869"}],"curies":[{"name":"wp","href":"https:\/\/api.w.org\/{rel}","templated":true}]}}