{"id":5867,"date":"2025-01-21T16:10:34","date_gmt":"2025-01-21T16:10:34","guid":{"rendered":"https:\/\/deluxfindco.com\/product\/sac-de-shopping-prada\/"},"modified":"2025-02-01T09:05:33","modified_gmt":"2025-02-01T09:05:33","slug":"sac-de-shopping-prada","status":"publish","type":"product","link":"https:\/\/deluxfindco.com\/fr\/produit\/sac-de-shopping-prada\/","title":{"rendered":"Sac de shopping Prada"},"content":{"rendered":"<p>Sac shopping moyen en cuir Prada, couleur caramel, quincaillerie dor\u00e9e. \u00c9tat : neuf, jamais port\u00e9. Contenu : sac \u00e0 poussi\u00e8re et \u00e9tiquettes&#8230; Note : Le sac est neuf et jamais port\u00e9, micro-rayures sur 1 jambe visibles sur la photo. D\u00e9tails du produit Caract\u00e8re moderne et allure sophistiqu\u00e9e pour ce sac shopping \u00e0 la silhouette structur\u00e9e. Caract\u00e9ris\u00e9 par une ouverture large et confortable, le mod\u00e8le pr\u00e9sente des lignes \u00e9pur\u00e9es et minimales soulign\u00e9es par le toucher doux du cuir souple. L&#8217;accessoire pragmatique est enrichi de d\u00e9tails essentiels et raffin\u00e9s, expression du savoir-faire artisanal de la marque.<\/p>\n<p>Illumin\u00e9e par des finitions m\u00e9talliques, la conception est compl\u00e9t\u00e9e par la signature \u00e9l\u00e9gante du logo lettrage qui rehausse la simplicit\u00e9 raffin\u00e9e de l&#8217;ensemble. Poign\u00e9es en cuir, l\u00e9ger 16 Finitions m\u00e9talliques Logo lettrage imprim\u00e9 sur le devant Doublure en tissu de coton avec deux poches, dont une zipp\u00e9e Avec pieds Hauteur : 23,5cm Largeur : 32cm Longueur : 16cm<\/p>\n","protected":false},"excerpt":{"rendered":"<p>Caract\u00e8re moderne et allure sophistiqu\u00e9e pour ce sac \u00e0 provisions \u00e0 la silhouette structur\u00e9e. Le mod\u00e8le, caract\u00e9ris\u00e9 par une ouverture large et confortable, pr\u00e9sente des lignes \u00e9pur\u00e9es et minimales soulign\u00e9es par le toucher doux du cuir souple. L&#8217;accessoire pragmatique est enrichi de d\u00e9tails essentiels et raffin\u00e9s, expression du savoir-faire artisanal de la marque. Illumin\u00e9 par des finitions m\u00e9talliques, le design est compl\u00e9t\u00e9 par la signature \u00e9l\u00e9gante du logo lettr\u00e9 qui rehausse la simplicit\u00e9 raffin\u00e9e de l&#8217;ensemble.   <\/p>\n","protected":false},"featured_media":5488,"template":"","meta":[],"product_brand":[],"product_cat":[139,185],"product_tag":[],"class_list":{"0":"post-5867","1":"product","2":"type-product","3":"status-publish","4":"has-post-thumbnail","6":"product_cat-borse-fr","7":"product_cat-prada-fr","9":"first","10":"instock","11":"taxable","12":"shipping-taxable","13":"purchasable","14":"product-type-simple"},"_links":{"self":[{"href":"https:\/\/deluxfindco.com\/fr\/wp-json\/wp\/v2\/product\/5867","targetHints":{"allow":["GET"]}}],"collection":[{"href":"https:\/\/deluxfindco.com\/fr\/wp-json\/wp\/v2\/product"}],"about":[{"href":"https:\/\/deluxfindco.com\/fr\/wp-json\/wp\/v2\/types\/product"}],"wp:featuredmedia":[{"embeddable":true,"href":"https:\/\/deluxfindco.com\/fr\/wp-json\/wp\/v2\/media\/5488"}],"wp:attachment":[{"href":"https:\/\/deluxfindco.com\/fr\/wp-json\/wp\/v2\/media?parent=5867"}],"wp:term":[{"taxonomy":"product_brand","embeddable":true,"href":"https:\/\/deluxfindco.com\/fr\/wp-json\/wp\/v2\/product_brand?post=5867"},{"taxonomy":"product_cat","embeddable":true,"href":"https:\/\/deluxfindco.com\/fr\/wp-json\/wp\/v2\/product_cat?post=5867"},{"taxonomy":"product_tag","embeddable":true,"href":"https:\/\/deluxfindco.com\/fr\/wp-json\/wp\/v2\/product_tag?post=5867"}],"curies":[{"name":"wp","href":"https:\/\/api.w.org\/{rel}","templated":true}]}}