{"id":5862,"date":"2025-01-21T15:46:58","date_gmt":"2025-01-21T15:46:58","guid":{"rendered":"https:\/\/deluxfindco.com\/product\/hermes-azap-classique-chevre-wallet\/"},"modified":"2025-02-01T09:05:33","modified_gmt":"2025-02-01T09:05:33","slug":"hermes-azap-classique-chevre-wallet","status":"publish","type":"product","link":"https:\/\/deluxfindco.com\/fr\/produit\/hermes-azap-classique-chevre-wallet\/","title":{"rendered":"Herm\u00e9s Azap Classique Chevre Wallet"},"content":{"rendered":"<p>Mysore, en cuir bleu paon, quincaillerie en palladium argent\u00e9 \u00c9tat : Excellent \u00e9tat. 12 compartiments pour cartes de cr\u00e9dit. 4 compartiments plats. Porte-monnaie avec fermeture \u00e9clair Doublure en cuir<\/p>\n","protected":false},"excerpt":{"rendered":"<p>Mysore, cuir paon bleu, accessoires en palladium argent\u00e9 \u00c9tat : Excellent \u00e9tat. Note : Le portefeuille Herm\u00e9s n&#8217;a jamais \u00e9t\u00e9 utilis\u00e9. Description : 12 fentes pour cartes de cr\u00e9dit. 4 compartiments plats. Porte-monnaie avec fermeture \u00e9clair Doublure en cuir<\/p>\n","protected":false},"featured_media":5444,"template":"","meta":[],"product_brand":[],"product_cat":[171,170],"product_tag":[],"class_list":{"0":"post-5862","1":"product","2":"type-product","3":"status-publish","4":"has-post-thumbnail","6":"product_cat-hermes-fr","7":"product_cat-portefeuilles","9":"first","10":"instock","11":"sale","12":"taxable","13":"shipping-taxable","14":"purchasable","15":"product-type-simple"},"_links":{"self":[{"href":"https:\/\/deluxfindco.com\/fr\/wp-json\/wp\/v2\/product\/5862","targetHints":{"allow":["GET"]}}],"collection":[{"href":"https:\/\/deluxfindco.com\/fr\/wp-json\/wp\/v2\/product"}],"about":[{"href":"https:\/\/deluxfindco.com\/fr\/wp-json\/wp\/v2\/types\/product"}],"wp:featuredmedia":[{"embeddable":true,"href":"https:\/\/deluxfindco.com\/fr\/wp-json\/wp\/v2\/media\/5444"}],"wp:attachment":[{"href":"https:\/\/deluxfindco.com\/fr\/wp-json\/wp\/v2\/media?parent=5862"}],"wp:term":[{"taxonomy":"product_brand","embeddable":true,"href":"https:\/\/deluxfindco.com\/fr\/wp-json\/wp\/v2\/product_brand?post=5862"},{"taxonomy":"product_cat","embeddable":true,"href":"https:\/\/deluxfindco.com\/fr\/wp-json\/wp\/v2\/product_cat?post=5862"},{"taxonomy":"product_tag","embeddable":true,"href":"https:\/\/deluxfindco.com\/fr\/wp-json\/wp\/v2\/product_tag?post=5862"}],"curies":[{"name":"wp","href":"https:\/\/api.w.org\/{rel}","templated":true}]}}