{"id":5858,"date":"2025-01-21T16:14:36","date_gmt":"2025-01-21T16:14:36","guid":{"rendered":"https:\/\/deluxfindco.com\/product\/louis-vuitton-twist-bag\/"},"modified":"2025-02-01T09:05:32","modified_gmt":"2025-02-01T09:05:32","slug":"louis-vuitton-twist-bag","status":"publish","type":"product","link":"https:\/\/deluxfindco.com\/fr\/produit\/louis-vuitton-twist-bag\/","title":{"rendered":"Louis Vuitton Twist Bag"},"content":{"rendered":"<p>Sac \u00e0 bandouli\u00e8re Twist PM de Louis Vuitton en cuir noir et m\u00e9tal dor\u00e9. \u00c9tat : neuf, jamais port\u00e9. Accessoire : sac \u00e0 poussi\u00e8re et mini miroir Louis Vuitton. Puce RFID. Description : Le sac Twist PM, r\u00e9alis\u00e9 dans le cuir Epi embl\u00e9matique de la Maison, est parfaitement mis en valeur par le d\u00e9sormais iconique fermoir twist-lock de LV, d\u00e9tail m\u00e9tallique dor\u00e9 et brillant unique en son genre.<br \/>\nL<br \/>\n&#8216;accessoire exclusif, id\u00e9al pour compl\u00e9ter une tenue de jour ou de soir\u00e9e, est dot\u00e9 d&#8217;une bandouli\u00e8re avec une cha\u00eene coulissante qui permet de porter cette cr\u00e9ation accrocheuse de diff\u00e9rentes mani\u00e8res. 15<\/p>\n<p>x 9 x 19 cm ( Hauteur x Largeur x Longueur) Cuir \u00e9pi Couleur : Noir Garniture en cuir \u00e9pi Doublure en cuir de vachette lisse Pi\u00e8ces m\u00e9talliques dor\u00e9es Fermeture twist-lock iconique LV Grande poche int\u00e9rieure et poche zipp\u00e9e Poche plate int\u00e9rieure avec miroir amovible Cha\u00eene :<\/p>\n<p>Coulissante, non amovible Hauteur de la cha\u00eene (l\u00e9g\u00e8re) : 31,0 cm Hauteur de la cha\u00eene (l\u00e9g\u00e8re) Max : 54,0 cm<\/p>\n","protected":false},"excerpt":{"rendered":"<p>Le sac Twist PM, confectionn\u00e9 dans l&#8217;embl\u00e9matique cuir Epi de la Maison, est parfaitement mis en valeur par la fermeture twist-lock LV d\u00e9sormais iconique, d\u00e9tail m\u00e9tallique dor\u00e9 brillant inimitable. L&#8217;accessoire exclusif, id\u00e9al pour compl\u00e9ter une tenue de jour ou de soir\u00e9e, est dot\u00e9 d&#8217;une bandouli\u00e8re avec une cha\u00eene coulissante qui permet de porter cette cr\u00e9ation accrocheuse de diff\u00e9rentes mani\u00e8res. <\/p>\n","protected":false},"featured_media":5492,"template":"","meta":[],"product_brand":[],"product_cat":[139,145],"product_tag":[],"class_list":{"0":"post-5858","1":"product","2":"type-product","3":"status-publish","4":"has-post-thumbnail","6":"product_cat-borse-fr","7":"product_cat-louis-vuitton-fr","9":"first","10":"instock","11":"sale","12":"taxable","13":"shipping-taxable","14":"purchasable","15":"product-type-simple"},"_links":{"self":[{"href":"https:\/\/deluxfindco.com\/fr\/wp-json\/wp\/v2\/product\/5858","targetHints":{"allow":["GET"]}}],"collection":[{"href":"https:\/\/deluxfindco.com\/fr\/wp-json\/wp\/v2\/product"}],"about":[{"href":"https:\/\/deluxfindco.com\/fr\/wp-json\/wp\/v2\/types\/product"}],"wp:featuredmedia":[{"embeddable":true,"href":"https:\/\/deluxfindco.com\/fr\/wp-json\/wp\/v2\/media\/5492"}],"wp:attachment":[{"href":"https:\/\/deluxfindco.com\/fr\/wp-json\/wp\/v2\/media?parent=5858"}],"wp:term":[{"taxonomy":"product_brand","embeddable":true,"href":"https:\/\/deluxfindco.com\/fr\/wp-json\/wp\/v2\/product_brand?post=5858"},{"taxonomy":"product_cat","embeddable":true,"href":"https:\/\/deluxfindco.com\/fr\/wp-json\/wp\/v2\/product_cat?post=5858"},{"taxonomy":"product_tag","embeddable":true,"href":"https:\/\/deluxfindco.com\/fr\/wp-json\/wp\/v2\/product_tag?post=5858"}],"curies":[{"name":"wp","href":"https:\/\/api.w.org\/{rel}","templated":true}]}}