{"id":5851,"date":"2025-01-21T18:58:29","date_gmt":"2025-01-21T18:58:29","guid":{"rendered":"https:\/\/deluxfindco.com\/product\/sac-a-dos-louis-vuitton-michael\/"},"modified":"2025-02-01T09:05:32","modified_gmt":"2025-02-01T09:05:32","slug":"sac-a-dos-louis-vuitton-michael","status":"publish","type":"product","link":"https:\/\/deluxfindco.com\/fr\/produit\/sac-a-dos-louis-vuitton-michael\/","title":{"rendered":"Sac \u00e0 dos Louis Vuitton Michael"},"content":{"rendered":"<p>Sac \u00e0 dos Louis Vuitton en toile Damier, quincaillerie argent\u00e9e. Etat : Tr\u00e8s bon \u00e9tat. Kit : Pas de kit. Ann\u00e9e 2019. NOTE : Le sac \u00e0 dos est en tr\u00e8s bon \u00e9tat, pr\u00e9sente des traces d&#8217;utilisation au niveau de la partie m\u00e9tallique o\u00f9 se r\u00e8gle la sangle du sac \u00e0 dos (visible sur la photo), ainsi que des micro-rayures sur le cuir au dos du sac \u00e0 dos (Visible sur la photo). Bien que le sac \u00e0 dos soit en tr\u00e8s bon \u00e9tat, la toile Damier est en tr\u00e8s bon \u00e9tat.<\/p>\n<p>Description : 3 fermetures \u00e0 glissi\u00e8re 1 support pour ordinateur portable 4 poches plates 2 porte-stylos Taille : 18cm hauteur 45cm x longueur 28cm x profondeur<\/p>\n","protected":false},"excerpt":{"rendered":"<p>Le sac \u00e0 dos est en tr\u00e8s bon \u00e9tat, il pr\u00e9sente des signes d&#8217;utilisation au niveau de la partie m\u00e9tallique o\u00f9 s&#8217;ajuste la ceinture du sac \u00e0 dos (visible sur la photo). Egalement des micro-rayures sur le cuir \u00e0 l&#8217;arri\u00e8re du sac \u00e0 dos (visibles sur la photo). Bien que le sac \u00e0 dos soit en tr\u00e8s bon \u00e9tat, la toile Damier est en tr\u00e8s bon \u00e9tat.<\/p>\n","protected":false},"featured_media":5648,"template":"","meta":[],"product_brand":[],"product_cat":[139,145],"product_tag":[],"class_list":{"0":"post-5851","1":"product","2":"type-product","3":"status-publish","4":"has-post-thumbnail","6":"product_cat-borse-fr","7":"product_cat-louis-vuitton-fr","9":"first","10":"instock","11":"sale","12":"taxable","13":"shipping-taxable","14":"purchasable","15":"product-type-simple"},"_links":{"self":[{"href":"https:\/\/deluxfindco.com\/fr\/wp-json\/wp\/v2\/product\/5851","targetHints":{"allow":["GET"]}}],"collection":[{"href":"https:\/\/deluxfindco.com\/fr\/wp-json\/wp\/v2\/product"}],"about":[{"href":"https:\/\/deluxfindco.com\/fr\/wp-json\/wp\/v2\/types\/product"}],"wp:featuredmedia":[{"embeddable":true,"href":"https:\/\/deluxfindco.com\/fr\/wp-json\/wp\/v2\/media\/5648"}],"wp:attachment":[{"href":"https:\/\/deluxfindco.com\/fr\/wp-json\/wp\/v2\/media?parent=5851"}],"wp:term":[{"taxonomy":"product_brand","embeddable":true,"href":"https:\/\/deluxfindco.com\/fr\/wp-json\/wp\/v2\/product_brand?post=5851"},{"taxonomy":"product_cat","embeddable":true,"href":"https:\/\/deluxfindco.com\/fr\/wp-json\/wp\/v2\/product_cat?post=5851"},{"taxonomy":"product_tag","embeddable":true,"href":"https:\/\/deluxfindco.com\/fr\/wp-json\/wp\/v2\/product_tag?post=5851"}],"curies":[{"name":"wp","href":"https:\/\/api.w.org\/{rel}","templated":true}]}}