{"id":5850,"date":"2025-01-21T18:08:07","date_gmt":"2025-01-21T18:08:07","guid":{"rendered":"https:\/\/deluxfindco.com\/product\/sac-gucci-dionysu\/"},"modified":"2025-02-01T09:05:32","modified_gmt":"2025-02-01T09:05:32","slug":"sac-gucci-dionysu","status":"publish","type":"product","link":"https:\/\/deluxfindco.com\/fr\/produit\/sac-gucci-dionysu\/","title":{"rendered":"Sac Gucci Dionysu"},"content":{"rendered":"<p>Petit sac \u00e0 bandouli\u00e8re Gucci Dionysus en tissu GG supreme, daim rouge, quincaillerie argent antique. \u00c9tat : Excellent \u00e9tat. Contenu : Sac \u00e0 poussi\u00e8re. Coins : Excellent \u00e9tat. Int\u00e9rieur : Excellent \u00e9tat. Description : Le fermoir \u00e0 t\u00eate de tigre ajoute une touche d\u00e9corative \u00e0 ce sac structur\u00e9. Gr\u00e2ce \u00e0 la lani\u00e8re coulissante en cha\u00eene qui peut \u00eatre port\u00e9e de plusieurs fa\u00e7ons, il peut \u00eatre port\u00e9 \u00e0 l&#8217;\u00e9paule ou \u00e0 la main.<\/p>\n<p>Bords peints \u00e0 la main Tissu GG Supreme beige\/\u00e9b\u00e8ne, une mati\u00e8re respectueuse de l&#8217;environnement, avec d\u00e9tails en daim rouge Garniture argent\u00e9e vieillie Fermeture avec \u00e9pingle et syst\u00e8me de s\u00e9curit\u00e9 lat\u00e9ral Fermeture avec t\u00eates de tigre Compartiment zipp\u00e9 int\u00e9rieur Poche sous le rabat Double soufflet Petite taille :<\/p>\n<p>L 28 cm x H 17 cm x P 9 cm Fabriqu\u00e9 en Italie Doublure en daim avec tissu GG Poches int\u00e9rieures sup\u00e9rieures<\/p>\n","protected":false},"excerpt":{"rendered":"<p>Le fermoir \u00e0 t\u00eate de tigre ajoute une touche d\u00e9corative \u00e0 ce sac structur\u00e9.<\/p>\n<p>Les bords sont peints \u00e0 la main. Tissu GG Supreme beige\/\u00e9b\u00e8ne, une mati\u00e8re respectueuse de l&#8217;environnement, avec des d\u00e9tails en daim rouge. Garniture argent\u00e9e vieillie Syst\u00e8me de s\u00e9curit\u00e9 \u00e0 \u00e9pingle et sur le c\u00f4t\u00e9 Fermoir \u00e0 t\u00eate de tigre Compartiment int\u00e9rieur zipp\u00e9 Poche sous le rabat Double gousset <\/p>\n","protected":false},"featured_media":5584,"template":"","meta":[],"product_brand":[],"product_cat":[139,140],"product_tag":[],"class_list":{"0":"post-5850","1":"product","2":"type-product","3":"status-publish","4":"has-post-thumbnail","6":"product_cat-borse-fr","7":"product_cat-gucci-fr-2","9":"first","10":"instock","11":"sale","12":"taxable","13":"shipping-taxable","14":"purchasable","15":"product-type-simple"},"_links":{"self":[{"href":"https:\/\/deluxfindco.com\/fr\/wp-json\/wp\/v2\/product\/5850","targetHints":{"allow":["GET"]}}],"collection":[{"href":"https:\/\/deluxfindco.com\/fr\/wp-json\/wp\/v2\/product"}],"about":[{"href":"https:\/\/deluxfindco.com\/fr\/wp-json\/wp\/v2\/types\/product"}],"wp:featuredmedia":[{"embeddable":true,"href":"https:\/\/deluxfindco.com\/fr\/wp-json\/wp\/v2\/media\/5584"}],"wp:attachment":[{"href":"https:\/\/deluxfindco.com\/fr\/wp-json\/wp\/v2\/media?parent=5850"}],"wp:term":[{"taxonomy":"product_brand","embeddable":true,"href":"https:\/\/deluxfindco.com\/fr\/wp-json\/wp\/v2\/product_brand?post=5850"},{"taxonomy":"product_cat","embeddable":true,"href":"https:\/\/deluxfindco.com\/fr\/wp-json\/wp\/v2\/product_cat?post=5850"},{"taxonomy":"product_tag","embeddable":true,"href":"https:\/\/deluxfindco.com\/fr\/wp-json\/wp\/v2\/product_tag?post=5850"}],"curies":[{"name":"wp","href":"https:\/\/api.w.org\/{rel}","templated":true}]}}