{"id":5690,"date":"2024-11-22T17:48:06","date_gmt":"2024-11-22T17:48:06","guid":{"rendered":"https:\/\/deluxfindco.com\/chariot\/"},"modified":"2025-01-30T16:23:31","modified_gmt":"2025-01-30T16:23:31","slug":"chariot","status":"publish","type":"page","link":"https:\/\/deluxfindco.com\/fr\/chariot\/","title":{"rendered":"Chariot"},"content":{"rendered":"<div data-block-name=\"woocommerce\/cart\" class=\"wp-block-woocommerce-cart alignwide is-loading\"><div data-block-name=\"woocommerce\/filled-cart-block\" class=\"wp-block-woocommerce-filled-cart-block\"><div data-block-name=\"woocommerce\/cart-items-block\" class=\"wp-block-woocommerce-cart-items-block\"><div data-block-name=\"woocommerce\/cart-line-items-block\" class=\"wp-block-woocommerce-cart-line-items-block\"> <\/div>\n\n<div data-block-name=\"woocommerce\/cart-cross-sells-block\" class=\"wp-block-woocommerce-cart-cross-sells-block\"><h2 class=\"wp-block-heading has-large-font-size\">Vous pourriez \u00eatre int\u00e9ress\u00e9 par&#8230;<\/h2>\n\n<div data-block-name=\"woocommerce\/cart-cross-sells-products-block\" class=\"wp-block-woocommerce-cart-cross-sells-products-block\"> <\/div><\/div><\/div>\n\n<div data-block-name=\"woocommerce\/cart-totals-block\" class=\"wp-block-woocommerce-cart-totals-block\"><div data-block-name=\"woocommerce\/cart-order-summary-block\" class=\"wp-block-woocommerce-cart-order-summary-block\"><div data-block-name=\"woocommerce\/cart-order-summary-heading-block\" class=\"wp-block-woocommerce-cart-order-summary-heading-block\"> <\/div><div data-block-name=\"woocommerce\/cart-order-summary-coupon-form-block\" class=\"wp-block-woocommerce-cart-order-summary-coupon-form-block\"> <\/div><div data-block-name=\"woocommerce\/cart-order-summary-totals-block\" class=\"wp-block-woocommerce-cart-order-summary-totals-block\">\n<div data-block-name=\"woocommerce\/cart-order-summary-subtotal-block\" class=\"wp-block-woocommerce-cart-order-summary-subtotal-block\"> <\/div>\n<div data-block-name=\"woocommerce\/cart-order-summary-discount-block\" class=\"wp-block-woocommerce-cart-order-summary-discount-block\"> <\/div>\n<div data-block-name=\"woocommerce\/cart-order-summary-fee-block\" class=\"wp-block-woocommerce-cart-order-summary-fee-block\"> <\/div>\n<div data-block-name=\"woocommerce\/cart-order-summary-shipping-block\" class=\"wp-block-woocommerce-cart-order-summary-shipping-block\"> <\/div>\n<div data-block-name=\"woocommerce\/cart-order-summary-taxes-block\" class=\"wp-block-woocommerce-cart-order-summary-taxes-block\"> <\/div><\/div><\/div>\n\n<div data-block-name=\"woocommerce\/cart-express-payment-block\" class=\"wp-block-woocommerce-cart-express-payment-block\"> <\/div>\n\n<div data-block-name=\"woocommerce\/proceed-to-checkout-block\" class=\"wp-block-woocommerce-proceed-to-checkout-block\"> <\/div>\n\n<div data-block-name=\"woocommerce\/cart-accepted-payment-methods-block\" class=\"wp-block-woocommerce-cart-accepted-payment-methods-block\"> <\/div><\/div><\/div>\n\n<div data-block-name=\"woocommerce\/empty-cart-block\" class=\"wp-block-woocommerce-empty-cart-block\"><h2 class=\"wp-block-heading has-text-align-center with-empty-cart-icon wc-block-cart__empty-cart__title\">Votre panier est actuellement vide !<\/h2>\n\n<hr class=\"wp-block-separator has-alpha-channel-opacity is-style-dots\">\n\n<h2 class=\"wp-block-heading has-text-align-center\">Nouveau en magasin<\/h2>\n\n<div data-block-name=\"woocommerce\/product-new\" data-columns=\"4\" data-rows=\"1\" class=\"wc-block-grid wp-block-product-new wp-block-woocommerce-product-new wc-block-product-new has-4-columns\"><ul class=\"wc-block-grid__products\"><li class=\"wc-block-grid__product\"> \n\t\t\t\t<a href=\"https:\/\/deluxfindco.com\/fr\/produit\/sac-a-dos-louis-vuitton-michael\/\" class=\"wc-block-grid__product-link\">\n                    <span class=\"acoplw-badge acoplw-textBlock\"><span class=\"acoplw-badge-icon acoplw-bseight acoplwRightAlign acoplwPosTop acoplw-custom-badge-2843\" style=\"opacity:1;width:60px;font-size:11px;line-height:px;font-weight: 600;height:60px;transform:rotateX(0deg) rotateY(0deg) rotateZ(0deg);top:10px;bottom:auto;right:10px;background:rgba(207, 33, 35, 1);\"><span class=\"acoplw-blockText\" style=\"color:rgba(255, 255, 255, 1);\">PROMO<\/span><\/span><\/span>\n\t\t\t\t\t<div class=\"wc-block-grid__product-image\"><span class=\"acoplw-badge\"><span class=\"acoplw-badge-icon acoplw-bseight acoplwRightAlign acoplwPosTop acoplw-custom-badge-2843\" style=\"opacity:1;width:60px;font-size:11px;line-height:px;font-weight: 600;height:60px;transform:rotateX(0deg) rotateY(0deg) rotateZ(0deg);top:10px;bottom:auto;right:10px;background:rgba(207, 33, 35, 1);\"><span class=\"acoplw-blockText\" style=\"color:rgba(255, 255, 255, 1);\">PROMO<\/span><\/span><img loading=\"lazy\" decoding=\"async\" width=\"1200\" height=\"1600\" src=\"https:\/\/deluxfindco.com\/wp-content\/uploads\/2025\/01\/Zaino-Louis-Vuitton-Michael-Backpack.jpg\" class=\"attachment-woocommerce_thumbnail size-woocommerce_thumbnail\" alt=\"Sac \u00e0 dos Louis Vuitton Michael\" srcset=\"https:\/\/deluxfindco.com\/wp-content\/uploads\/2025\/01\/Zaino-Louis-Vuitton-Michael-Backpack.jpg 1200w, https:\/\/deluxfindco.com\/wp-content\/uploads\/2025\/01\/Zaino-Louis-Vuitton-Michael-Backpack-225x300.jpg 225w, https:\/\/deluxfindco.com\/wp-content\/uploads\/2025\/01\/Zaino-Louis-Vuitton-Michael-Backpack-768x1024.jpg 768w, https:\/\/deluxfindco.com\/wp-content\/uploads\/2025\/01\/Zaino-Louis-Vuitton-Michael-Backpack-1152x1536.jpg 1152w, https:\/\/deluxfindco.com\/wp-content\/uploads\/2025\/01\/Zaino-Louis-Vuitton-Michael-Backpack-720x960.jpg 720w, https:\/\/deluxfindco.com\/wp-content\/uploads\/2025\/01\/Zaino-Louis-Vuitton-Michael-Backpack-450x600.jpg 450w\" sizes=\"auto, (max-width: 1200px) 100vw, 1200px\" \/><\/span><\/div>\n\t\t\t\t\t<div class=\"wc-block-grid__product-title\">Sac \u00e0 dos Louis Vuitton Michael<\/div>\n\t\t\t\t<\/a>\n\t\t\t\t<div class=\"wc-block-grid__product-onsale\">\n\t\t\t<span aria-hidden=\"true\">Promo<\/span>\n\t\t\t<span class=\"screen-reader-text\">Produit en promotion<\/span>\n\t\t<\/div>\n\t\t\t\t<div class=\"wc-block-grid__product-price price\"><del aria-hidden=\"true\"><span class=\"woocommerce-Price-amount amount\">2.450,00&nbsp;<span class=\"woocommerce-Price-currencySymbol\">&euro;<\/span><\/span><\/del> <span class=\"screen-reader-text\">Le prix initial \u00e9tait\u00a0: 2.450,00&nbsp;&euro;.<\/span><ins aria-hidden=\"true\"><span class=\"woocommerce-Price-amount amount\">1.300,00&nbsp;<span class=\"woocommerce-Price-currencySymbol\">&euro;<\/span><\/span><\/ins><span class=\"screen-reader-text\">Le prix actuel est\u00a0: 1.300,00&nbsp;&euro;.<\/span><\/div>\n\t\t\t\t\n\t\t\t\t<div class=\"wp-block-button wc-block-grid__product-add-to-cart\"><a href=\"?add-to-cart=5851\" aria-label=\"Ajouter au panier\u00a0: &ldquo;Sac \u00e0 dos Louis Vuitton Michael&rdquo;\" data-quantity=\"1\" data-product_id=\"5851\" data-product_sku=\"\" data-price=\"1300\" rel=\"nofollow\" class=\"wp-block-button__link  add_to_cart_button ajax_add_to_cart\">Ajouter au panier<\/a><\/div>\n\t\t\t<\/li><li class=\"wc-block-grid__product\"> \n\t\t\t\t<a href=\"https:\/\/deluxfindco.com\/fr\/produit\/sac-gucci-dionysu\/\" class=\"wc-block-grid__product-link\">\n                    <span class=\"acoplw-badge acoplw-textBlock\"><span class=\"acoplw-badge-icon acoplw-bseight acoplwRightAlign acoplwPosTop acoplw-custom-badge-2843\" style=\"opacity:1;width:60px;font-size:11px;line-height:px;font-weight: 600;height:60px;transform:rotateX(0deg) rotateY(0deg) rotateZ(0deg);top:10px;bottom:auto;right:10px;background:rgba(207, 33, 35, 1);\"><span class=\"acoplw-blockText\" style=\"color:rgba(255, 255, 255, 1);\">PROMO<\/span><\/span><\/span>\n\t\t\t\t\t<div class=\"wc-block-grid__product-image\"><span class=\"acoplw-badge\"><span class=\"acoplw-badge-icon acoplw-bseight acoplwRightAlign acoplwPosTop acoplw-custom-badge-2843\" style=\"opacity:1;width:60px;font-size:11px;line-height:px;font-weight: 600;height:60px;transform:rotateX(0deg) rotateY(0deg) rotateZ(0deg);top:10px;bottom:auto;right:10px;background:rgba(207, 33, 35, 1);\"><span class=\"acoplw-blockText\" style=\"color:rgba(255, 255, 255, 1);\">PROMO<\/span><\/span><img loading=\"lazy\" decoding=\"async\" width=\"1200\" height=\"1600\" src=\"https:\/\/deluxfindco.com\/wp-content\/uploads\/2025\/01\/borsa-gucci-dionysu.jpg\" class=\"attachment-woocommerce_thumbnail size-woocommerce_thumbnail\" alt=\"Sac Gucci Dionysu\" srcset=\"https:\/\/deluxfindco.com\/wp-content\/uploads\/2025\/01\/borsa-gucci-dionysu.jpg 1200w, https:\/\/deluxfindco.com\/wp-content\/uploads\/2025\/01\/borsa-gucci-dionysu-225x300.jpg 225w, https:\/\/deluxfindco.com\/wp-content\/uploads\/2025\/01\/borsa-gucci-dionysu-768x1024.jpg 768w, https:\/\/deluxfindco.com\/wp-content\/uploads\/2025\/01\/borsa-gucci-dionysu-1152x1536.jpg 1152w, https:\/\/deluxfindco.com\/wp-content\/uploads\/2025\/01\/borsa-gucci-dionysu-720x960.jpg 720w, https:\/\/deluxfindco.com\/wp-content\/uploads\/2025\/01\/borsa-gucci-dionysu-450x600.jpg 450w\" sizes=\"auto, (max-width: 1200px) 100vw, 1200px\" \/><\/span><\/div>\n\t\t\t\t\t<div class=\"wc-block-grid__product-title\">Sac Gucci Dionysu<\/div>\n\t\t\t\t<\/a>\n\t\t\t\t<div class=\"wc-block-grid__product-onsale\">\n\t\t\t<span aria-hidden=\"true\">Promo<\/span>\n\t\t\t<span class=\"screen-reader-text\">Produit en promotion<\/span>\n\t\t<\/div>\n\t\t\t\t<div class=\"wc-block-grid__product-price price\"><del aria-hidden=\"true\"><span class=\"woocommerce-Price-amount amount\">2.700,00&nbsp;<span class=\"woocommerce-Price-currencySymbol\">&euro;<\/span><\/span><\/del> <span class=\"screen-reader-text\">Le prix initial \u00e9tait\u00a0: 2.700,00&nbsp;&euro;.<\/span><ins aria-hidden=\"true\"><span class=\"woocommerce-Price-amount amount\">1.500,00&nbsp;<span class=\"woocommerce-Price-currencySymbol\">&euro;<\/span><\/span><\/ins><span class=\"screen-reader-text\">Le prix actuel est\u00a0: 1.500,00&nbsp;&euro;.<\/span><\/div>\n\t\t\t\t\n\t\t\t\t<div class=\"wp-block-button wc-block-grid__product-add-to-cart\"><a href=\"?add-to-cart=5850\" aria-label=\"Ajouter au panier\u00a0: &ldquo;Sac Gucci Dionysu&rdquo;\" data-quantity=\"1\" data-product_id=\"5850\" data-product_sku=\"\" data-price=\"1500\" rel=\"nofollow\" class=\"wp-block-button__link  add_to_cart_button ajax_add_to_cart\">Ajouter au panier<\/a><\/div>\n\t\t\t<\/li><li class=\"wc-block-grid__product\"> \n\t\t\t\t<a href=\"https:\/\/deluxfindco.com\/fr\/produit\/louis-vuitton-twist-bag\/\" class=\"wc-block-grid__product-link\">\n                    <span class=\"acoplw-badge acoplw-textBlock\"><span class=\"acoplw-badge-icon acoplw-bseight acoplwRightAlign acoplwPosTop acoplw-custom-badge-2843\" style=\"opacity:1;width:60px;font-size:11px;line-height:px;font-weight: 600;height:60px;transform:rotateX(0deg) rotateY(0deg) rotateZ(0deg);top:10px;bottom:auto;right:10px;background:rgba(207, 33, 35, 1);\"><span class=\"acoplw-blockText\" style=\"color:rgba(255, 255, 255, 1);\">PROMO<\/span><\/span><\/span>\n\t\t\t\t\t<div class=\"wc-block-grid__product-image\"><span class=\"acoplw-badge\"><span class=\"acoplw-badge-icon acoplw-bseight acoplwRightAlign acoplwPosTop acoplw-custom-badge-2843\" style=\"opacity:1;width:60px;font-size:11px;line-height:px;font-weight: 600;height:60px;transform:rotateX(0deg) rotateY(0deg) rotateZ(0deg);top:10px;bottom:auto;right:10px;background:rgba(207, 33, 35, 1);\"><span class=\"acoplw-blockText\" style=\"color:rgba(255, 255, 255, 1);\">PROMO<\/span><\/span><img loading=\"lazy\" decoding=\"async\" width=\"1200\" height=\"1600\" src=\"https:\/\/deluxfindco.com\/wp-content\/uploads\/2025\/01\/Borsa-Louis-Vuitton-Twist.jpg\" class=\"attachment-woocommerce_thumbnail size-woocommerce_thumbnail\" alt=\"Louis Vuitton Twist Bag\" srcset=\"https:\/\/deluxfindco.com\/wp-content\/uploads\/2025\/01\/Borsa-Louis-Vuitton-Twist.jpg 1200w, https:\/\/deluxfindco.com\/wp-content\/uploads\/2025\/01\/Borsa-Louis-Vuitton-Twist-225x300.jpg 225w, https:\/\/deluxfindco.com\/wp-content\/uploads\/2025\/01\/Borsa-Louis-Vuitton-Twist-768x1024.jpg 768w, https:\/\/deluxfindco.com\/wp-content\/uploads\/2025\/01\/Borsa-Louis-Vuitton-Twist-1152x1536.jpg 1152w, https:\/\/deluxfindco.com\/wp-content\/uploads\/2025\/01\/Borsa-Louis-Vuitton-Twist-720x960.jpg 720w, https:\/\/deluxfindco.com\/wp-content\/uploads\/2025\/01\/Borsa-Louis-Vuitton-Twist-450x600.jpg 450w\" sizes=\"auto, (max-width: 1200px) 100vw, 1200px\" \/><\/span><\/div>\n\t\t\t\t\t<div class=\"wc-block-grid__product-title\">Louis Vuitton Twist Bag<\/div>\n\t\t\t\t<\/a>\n\t\t\t\t<div class=\"wc-block-grid__product-onsale\">\n\t\t\t<span aria-hidden=\"true\">Promo<\/span>\n\t\t\t<span class=\"screen-reader-text\">Produit en promotion<\/span>\n\t\t<\/div>\n\t\t\t\t<div class=\"wc-block-grid__product-price price\"><del aria-hidden=\"true\"><span class=\"woocommerce-Price-amount amount\">3.600,00&nbsp;<span class=\"woocommerce-Price-currencySymbol\">&euro;<\/span><\/span><\/del> <span class=\"screen-reader-text\">Le prix initial \u00e9tait\u00a0: 3.600,00&nbsp;&euro;.<\/span><ins aria-hidden=\"true\"><span class=\"woocommerce-Price-amount amount\">2.700,00&nbsp;<span class=\"woocommerce-Price-currencySymbol\">&euro;<\/span><\/span><\/ins><span class=\"screen-reader-text\">Le prix actuel est\u00a0: 2.700,00&nbsp;&euro;.<\/span><\/div>\n\t\t\t\t\n\t\t\t\t<div class=\"wp-block-button wc-block-grid__product-add-to-cart\"><a href=\"?add-to-cart=5858\" aria-label=\"Ajouter au panier\u00a0: &ldquo;Louis Vuitton Twist Bag&rdquo;\" data-quantity=\"1\" data-product_id=\"5858\" data-product_sku=\"\" data-price=\"2700\" rel=\"nofollow\" class=\"wp-block-button__link  add_to_cart_button ajax_add_to_cart\">Ajouter au panier<\/a><\/div>\n\t\t\t<\/li><li class=\"wc-block-grid__product\"> \n\t\t\t\t<a href=\"https:\/\/deluxfindco.com\/fr\/produit\/sac-de-shopping-prada\/\" class=\"wc-block-grid__product-link\">\n                    \n\t\t\t\t\t<div class=\"wc-block-grid__product-image\"><img loading=\"lazy\" decoding=\"async\" width=\"1200\" height=\"1600\" src=\"https:\/\/deluxfindco.com\/wp-content\/uploads\/2025\/01\/w24-prada-1bg538-v-ooo2cysf03bh00m1.jpg\" class=\"attachment-woocommerce_thumbnail size-woocommerce_thumbnail\" alt=\"Sac de shopping Prada\" srcset=\"https:\/\/deluxfindco.com\/wp-content\/uploads\/2025\/01\/w24-prada-1bg538-v-ooo2cysf03bh00m1.jpg 1200w, https:\/\/deluxfindco.com\/wp-content\/uploads\/2025\/01\/w24-prada-1bg538-v-ooo2cysf03bh00m1-225x300.jpg 225w, https:\/\/deluxfindco.com\/wp-content\/uploads\/2025\/01\/w24-prada-1bg538-v-ooo2cysf03bh00m1-768x1024.jpg 768w, https:\/\/deluxfindco.com\/wp-content\/uploads\/2025\/01\/w24-prada-1bg538-v-ooo2cysf03bh00m1-1152x1536.jpg 1152w, https:\/\/deluxfindco.com\/wp-content\/uploads\/2025\/01\/w24-prada-1bg538-v-ooo2cysf03bh00m1-720x960.jpg 720w, https:\/\/deluxfindco.com\/wp-content\/uploads\/2025\/01\/w24-prada-1bg538-v-ooo2cysf03bh00m1-450x600.jpg 450w\" sizes=\"auto, (max-width: 1200px) 100vw, 1200px\" \/><\/div>\n\t\t\t\t\t<div class=\"wc-block-grid__product-title\">Sac de shopping Prada<\/div>\n\t\t\t\t<\/a>\n\t\t\t\t\n\t\t\t\t<div class=\"wc-block-grid__product-price price\"><span class=\"woocommerce-Price-amount amount\">2.500,00&nbsp;<span class=\"woocommerce-Price-currencySymbol\">&euro;<\/span><\/span><\/div>\n\t\t\t\t\n\t\t\t\t<div class=\"wp-block-button wc-block-grid__product-add-to-cart\"><a href=\"?add-to-cart=5867\" aria-label=\"Ajouter au panier\u00a0: &ldquo;Sac de shopping Prada&rdquo;\" data-quantity=\"1\" data-product_id=\"5867\" data-product_sku=\"\" data-price=\"2500\" rel=\"nofollow\" class=\"wp-block-button__link  add_to_cart_button ajax_add_to_cart\">Ajouter au panier<\/a><\/div>\n\t\t\t<\/li><\/ul><\/div><\/div><\/div>","protected":false},"excerpt":{"rendered":"Vous pourriez \u00eatre int\u00e9ress\u00e9 par... Votre panier est actuellement vide ! Nouveau en magasin","protected":false},"author":1,"featured_media":0,"parent":0,"menu_order":0,"comment_status":"closed","ping_status":"closed","template":"","meta":{"footnotes":""},"class_list":["post-5690","page","type-page","status-publish","hentry"],"_links":{"self":[{"href":"https:\/\/deluxfindco.com\/fr\/wp-json\/wp\/v2\/pages\/5690","targetHints":{"allow":["GET"]}}],"collection":[{"href":"https:\/\/deluxfindco.com\/fr\/wp-json\/wp\/v2\/pages"}],"about":[{"href":"https:\/\/deluxfindco.com\/fr\/wp-json\/wp\/v2\/types\/page"}],"author":[{"embeddable":true,"href":"https:\/\/deluxfindco.com\/fr\/wp-json\/wp\/v2\/users\/1"}],"replies":[{"embeddable":true,"href":"https:\/\/deluxfindco.com\/fr\/wp-json\/wp\/v2\/comments?post=5690"}],"version-history":[{"count":1,"href":"https:\/\/deluxfindco.com\/fr\/wp-json\/wp\/v2\/pages\/5690\/revisions"}],"predecessor-version":[{"id":5691,"href":"https:\/\/deluxfindco.com\/fr\/wp-json\/wp\/v2\/pages\/5690\/revisions\/5691"}],"wp:attachment":[{"href":"https:\/\/deluxfindco.com\/fr\/wp-json\/wp\/v2\/media?parent=5690"}],"curies":[{"name":"wp","href":"https:\/\/api.w.org\/{rel}","templated":true}]}}