{"id":5900,"date":"2024-10-24T12:26:57","date_gmt":"2024-10-24T12:26:57","guid":{"rendered":"https:\/\/deluxfindco.com\/product\/lady-dior-mi-alligator-metall\/"},"modified":"2025-02-01T09:06:03","modified_gmt":"2025-02-01T09:06:03","slug":"lady-dior-mi-alligator-metall","status":"publish","type":"product","link":"https:\/\/deluxfindco.com\/de\/produkt\/lady-dior-mi-alligator-metall\/","title":{"rendered":"Lady Dior Mi Alligator Metall"},"content":{"rendered":"<p>In Ex\u00f3tica-Leder ist dieses Modell das begehrteste, da es in dieser F\u00e4rbung sehr schwer zu finden ist. Lady Dior Mini aus Alligatorleder in einer ganz besonderen F\u00e4rbung. NEU, nie getragen, mit Plastik auf dem Metallteil, wie Sie auf dem Foto sehen k\u00f6nnen, es hat Mikrokratzer in den Pfoten. Passend zu: NEU nie getragen Kit: Tag,Karte ex\u00f3tica Leder Zertifikat (Ausfuhrgenehmigungen),Box,Taschen. Jahr der Herstellung: 2023<\/p>\n","protected":false},"excerpt":{"rendered":"<p>In Ex\u00f3tica-Leder ist dieses Modell das begehrteste, da es in dieser F\u00e4rbung sehr schwer zu finden ist. Lady Dior Mini aus Alligatorleder in einer ganz besonderen F\u00e4rbung. NEU, nie getragen, mit Plastik auf dem Metallteil, wie Sie auf dem Foto sehen k\u00f6nnen, hat es Mikrokratzer in den Pfoten.<\/p>\n","protected":false},"featured_media":5313,"template":"","meta":[],"product_brand":[],"product_cat":[198],"product_tag":[],"class_list":{"0":"post-5900","1":"product","2":"type-product","3":"status-publish","4":"has-post-thumbnail","6":"product_cat-dior-de-2","8":"first","9":"outofstock","10":"featured","11":"taxable","12":"shipping-taxable","13":"purchasable","14":"product-type-simple"},"_links":{"self":[{"href":"https:\/\/deluxfindco.com\/de\/wp-json\/wp\/v2\/product\/5900","targetHints":{"allow":["GET"]}}],"collection":[{"href":"https:\/\/deluxfindco.com\/de\/wp-json\/wp\/v2\/product"}],"about":[{"href":"https:\/\/deluxfindco.com\/de\/wp-json\/wp\/v2\/types\/product"}],"wp:featuredmedia":[{"embeddable":true,"href":"https:\/\/deluxfindco.com\/de\/wp-json\/wp\/v2\/media\/5313"}],"wp:attachment":[{"href":"https:\/\/deluxfindco.com\/de\/wp-json\/wp\/v2\/media?parent=5900"}],"wp:term":[{"taxonomy":"product_brand","embeddable":true,"href":"https:\/\/deluxfindco.com\/de\/wp-json\/wp\/v2\/product_brand?post=5900"},{"taxonomy":"product_cat","embeddable":true,"href":"https:\/\/deluxfindco.com\/de\/wp-json\/wp\/v2\/product_cat?post=5900"},{"taxonomy":"product_tag","embeddable":true,"href":"https:\/\/deluxfindco.com\/de\/wp-json\/wp\/v2\/product_tag?post=5900"}],"curies":[{"name":"wp","href":"https:\/\/api.w.org\/{rel}","templated":true}]}}