{"id":5894,"date":"2025-01-08T07:54:47","date_gmt":"2025-01-08T07:54:47","guid":{"rendered":"https:\/\/deluxfindco.com\/product\/louis-vuitton-monogram-reverse-canvas-tasche\/"},"modified":"2025-02-01T09:06:03","modified_gmt":"2025-02-01T09:06:03","slug":"louis-vuitton-monogram-reverse-canvas-tasche","status":"publish","type":"product","link":"https:\/\/deluxfindco.com\/de\/produkt\/louis-vuitton-monogram-reverse-canvas-tasche\/","title":{"rendered":"Louis Vuitton Monogram Reverse Canvas Tasche"},"content":{"rendered":"<p>Petite Malle braun mit abnehmbarem Schulterriemen, entspricht neuwertig, nie getragen, hat 2 Mikrokratzer auf dem Verschlussteil, die Tasche ist nicht und wurde <strong>nie benutzt<\/strong><\/p>\n<p><strong>RFID-Chip<\/strong><\/p>\n<p>Eine ideale Tasche, die Sie \u00fcberallhin mitnehmen k\u00f6nnen! Jedes Detail der Petite Malle Tasche ist von der Geschichte der Koffer von Louis Vuitton inspiriert: die Form, das Monogram Reverse Canvas, das Schloss und die goldfarbenen Details &#8211; sogar das Schaffellfutter erinnert an ein klassisches Louis Vuitton Motiv. Diese makellos gefertigte &#8220;kleine Truhe&#8221; l\u00e4sst sich leicht vom Tag zum Abend tragen. Sie kann als Clutch getragen werden oder mit dem verstellbaren Schulterriemen \u00fcber den K\u00f6rper gezogen werden. Dieser strukturierte und elegante Stil ist ein zeitloser Klassiker, der sich perfekt in jede Sammlung einf\u00fcgt. Sie ist ein hervorragendes Accessoire f\u00fcr den t\u00e4glichen Gebrauch mit dem Luxus und Stil von Louis Vuitton! <\/p>\n<ul>\n<li>Designer: Louis Vuitton<\/li>\n<li>Modell: Petitte Malle<\/li>\n<li>Ma\u00dfe: 20 x 12,5 x 6 cm oder 7,9 x 4,9 x 2,4 Zoll (L\u00e4nge x H\u00f6he x Breite), Schulterh\u00f6he 50-55 cm oder 19,7-21,7 Zoll<\/li>\n<li>Material: Monogram Reverse beschichtetes Segeltuch, Monogram beschichtetes Segeltuch als Besatz<\/li>\n<li>Futter: Schafsleder mit Druck<\/li>\n<\/ul>\n<p><strong>Malletage<\/strong><\/p>\n<ul>\n<li>Griffe: abnehmbarer Schultergurt<\/li>\n<li>Verschluss\/\u00d6ffnung: S-Schloss<\/li>\n<li>Innentaschen: 1 flache Tasche<\/li>\n<li>Hardware: Goldton<\/li>\n<li>Herkunft: Frankreich<\/li>\n<li>Zustand: 9.5\/10 ausgezeichneter Zustand<\/li>\n<li>Wird mit Staubbeutel geliefert<\/li>\n<\/ul>\n","protected":false},"excerpt":{"rendered":"<p>Petite Malle braun mit abnehmbarem Schulterriemen, entspricht neuwertig, nie getragen, hat 2 Mikrokratzer auf dem Verschlussteil, die Tasche wird und wurde <strong>nie benutzt.<\/strong><\/p>\n<p><strong>RFID-Chip<\/strong><\/p>\n<p>Eine ideale Tasche, die Sie \u00fcberallhin mitnehmen k\u00f6nnen! Jedes Detail der Petite Malle Tasche ist von der Geschichte der Koffer von Louis Vuitton inspiriert: die Form, das Monogram Reverse Canvas, das Schloss und die goldfarbenen Details &#8211; sogar das Schaffellfutter erinnert an ein klassisches Louis Vuitton Motiv. Diese makellos gefertigte &#8220;kleine Truhe&#8221; l\u00e4sst sich leicht vom Tag zum Abend tragen. Sie kann als Clutch getragen werden oder mit dem verstellbaren Schulterriemen \u00fcber den K\u00f6rper gezogen werden. Dieser strukturierte und elegante Stil ist ein zeitloser Klassiker, der sich perfekt in jede Sammlung einf\u00fcgt. Sie ist ein hervorragendes Accessoire, das sich ideal f\u00fcr den t\u00e4glichen Gebrauch eignet und den Luxus und Stil von Louis Vuitton bietet! <\/p>\n<p>&nbsp;<\/p>\n","protected":false},"featured_media":5301,"template":"","meta":[],"product_brand":[],"product_cat":[152,157],"product_tag":[],"class_list":{"0":"post-5894","1":"product","2":"type-product","3":"status-publish","4":"has-post-thumbnail","6":"product_cat-borse-de","7":"product_cat-louis-vuitton-de","9":"first","10":"outofstock","11":"featured","12":"taxable","13":"shipping-taxable","14":"purchasable","15":"product-type-simple"},"_links":{"self":[{"href":"https:\/\/deluxfindco.com\/de\/wp-json\/wp\/v2\/product\/5894","targetHints":{"allow":["GET"]}}],"collection":[{"href":"https:\/\/deluxfindco.com\/de\/wp-json\/wp\/v2\/product"}],"about":[{"href":"https:\/\/deluxfindco.com\/de\/wp-json\/wp\/v2\/types\/product"}],"wp:featuredmedia":[{"embeddable":true,"href":"https:\/\/deluxfindco.com\/de\/wp-json\/wp\/v2\/media\/5301"}],"wp:attachment":[{"href":"https:\/\/deluxfindco.com\/de\/wp-json\/wp\/v2\/media?parent=5894"}],"wp:term":[{"taxonomy":"product_brand","embeddable":true,"href":"https:\/\/deluxfindco.com\/de\/wp-json\/wp\/v2\/product_brand?post=5894"},{"taxonomy":"product_cat","embeddable":true,"href":"https:\/\/deluxfindco.com\/de\/wp-json\/wp\/v2\/product_cat?post=5894"},{"taxonomy":"product_tag","embeddable":true,"href":"https:\/\/deluxfindco.com\/de\/wp-json\/wp\/v2\/product_tag?post=5894"}],"curies":[{"name":"wp","href":"https:\/\/api.w.org\/{rel}","templated":true}]}}