{"id":5887,"date":"2025-01-08T08:24:32","date_gmt":"2025-01-08T08:24:32","guid":{"rendered":"https:\/\/deluxfindco.com\/product\/louis-vuitton-side-trunk-tasche\/"},"modified":"2025-02-01T09:06:03","modified_gmt":"2025-02-01T09:06:03","slug":"louis-vuitton-side-trunk-tasche","status":"publish","type":"product","link":"https:\/\/deluxfindco.com\/de\/produkt\/louis-vuitton-side-trunk-tasche\/","title":{"rendered":"Louis Vuitton Side Trunk Tasche"},"content":{"rendered":"<p>Diese Louis Vuitton Umh\u00e4ngetasche ist in einem satten Braun gehalten und verf\u00fcgt \u00fcber goldene Beschl\u00e4ge. Die Tasche ist aus strapazierf\u00e4higem Material gefertigt und als neu eingestuft, hat aber Mikrokratzer an den Metallteilen des Griffs (letztes Foto), dem Schulterriemen und dem Inneren der Tasche, das makellos ist, da sie nie benutzt wurde. Dieses elegante Accessoire verbindet Funktionalit\u00e4t mit der Eleganz, die mit der Marke Louis Vuitton verbunden ist. Listenpreis Italien \u20ac3.200 inklusive Staubbeutel Chip RFID Die Side Trunk MM Tasche wurde von Nicolas Ghesqui\u00e8re als Hommage an das traditionelle Reisegep\u00e4ck der Maison entworfen. Das exklusive Modell ist aus Monogram Canvas mit Lederbes\u00e4tzen, verst\u00e4rkten Metallecken und einem Rei\u00dfverschluss mit dem ikonischen S-f\u00f6rmigen Verschlusssystem gefertigt. Der breite Henkel und der d\u00fcnne Schulterriemen, die beide abnehmbar sind, erlauben es, die Kreation auf unterschiedliche Weise zu tragen. 23,5 x 16x 8,5 cm (L\u00e4nge x H\u00f6he x Breite) Monogram Canvas Antikisierte Bes\u00e4tze aus nat\u00fcrlichem Rindsleder Mikrofaserfutter Goldene Metallteile Rei\u00dfverschluss und einzigartiges s-f\u00f6rmiges Verschlusssystem an der Seite Schulterriemen: Abnehmbar, verstellbar Schulterriemenh\u00f6he (Light): 53,0 cm Schulterriemenh\u00f6he (Light) Max: 58,0 cm Henkel: Einfach abnehmbar<\/p>\n","protected":false},"excerpt":{"rendered":"<p>Diese Louis Vuitton Umh\u00e4ngetasche ist in einem satten Braun gehalten und verf\u00fcgt \u00fcber goldene Beschl\u00e4ge. Die Tasche ist aus strapazierf\u00e4higem Material gefertigt und als neu eingestuft, hat jedoch Mikrokratzer an den Metallteilen des Griffs (letztes Foto), dem Schulterriemen und dem Inneren der Tasche, das makellos ist, da es nie benutzt wurde. Dieses elegante Accessoire verbindet Funktionalit\u00e4t mit der Eleganz, die mit der Marke Louis Vuitton verbunden ist. Inklusive Staubbeutel Chip RFID<\/p>\n","protected":false},"featured_media":5589,"template":"","meta":[],"product_brand":[],"product_cat":[152,157],"product_tag":[],"class_list":{"0":"post-5887","1":"product","2":"type-product","3":"status-publish","4":"has-post-thumbnail","6":"product_cat-borse-de","7":"product_cat-louis-vuitton-de","9":"first","10":"outofstock","11":"featured","12":"taxable","13":"shipping-taxable","14":"purchasable","15":"product-type-simple"},"_links":{"self":[{"href":"https:\/\/deluxfindco.com\/de\/wp-json\/wp\/v2\/product\/5887","targetHints":{"allow":["GET"]}}],"collection":[{"href":"https:\/\/deluxfindco.com\/de\/wp-json\/wp\/v2\/product"}],"about":[{"href":"https:\/\/deluxfindco.com\/de\/wp-json\/wp\/v2\/types\/product"}],"wp:featuredmedia":[{"embeddable":true,"href":"https:\/\/deluxfindco.com\/de\/wp-json\/wp\/v2\/media\/5589"}],"wp:attachment":[{"href":"https:\/\/deluxfindco.com\/de\/wp-json\/wp\/v2\/media?parent=5887"}],"wp:term":[{"taxonomy":"product_brand","embeddable":true,"href":"https:\/\/deluxfindco.com\/de\/wp-json\/wp\/v2\/product_brand?post=5887"},{"taxonomy":"product_cat","embeddable":true,"href":"https:\/\/deluxfindco.com\/de\/wp-json\/wp\/v2\/product_cat?post=5887"},{"taxonomy":"product_tag","embeddable":true,"href":"https:\/\/deluxfindco.com\/de\/wp-json\/wp\/v2\/product_tag?post=5887"}],"curies":[{"name":"wp","href":"https:\/\/api.w.org\/{rel}","templated":true}]}}