{"id":5876,"date":"2025-01-21T14:49:53","date_gmt":"2025-01-21T14:49:53","guid":{"rendered":"https:\/\/deluxfindco.com\/product\/prada-galleria-mini-tasche-aus-saffiano\/"},"modified":"2025-02-01T09:06:02","modified_gmt":"2025-02-01T09:06:02","slug":"prada-galleria-mini-tasche-aus-saffiano","status":"publish","type":"product","link":"https:\/\/deluxfindco.com\/de\/produkt\/prada-galleria-mini-tasche-aus-saffiano\/","title":{"rendered":"Prada Galleria Mini-Tasche aus Saffiano"},"content":{"rendered":"<p>Hinweis: Die Tasche ist komplett neu, Mikrokratzer an den F\u00fc\u00dfen.<br \/>\n(Keine Verf\u00e4rbung) <strong>Produktdetails<\/strong> Die Herstellung der Prada Galleria Tasche aus 83 Einzelteilen ist eine wahre Fusion aus industrieller Pr\u00e4zision und der raffinierten Genauigkeit der Handwerkskunst, die nur von Hand erreicht werden kann. Das Design ist klar und elegant, aber dennoch pragmatisch, eine \u00e4sthetische Sprache zwischen Form und Funktion, die Geschichte und Zeitgenossenschaft vereint. Die Galleria Tasche ist die Definition von &#8220;zeitlos&#8221; und ist zu einem Markenzeichen der Identit\u00e4t von Prada im 21. Das Accessoire in der Mini-Version ist aus dem kultigen Saffiano-Leder mit Kratzereffekt und gewachstem Finish gefertigt, das vom Gr\u00fcnder selbst patentiert wurde. Ledergriffe Verstellbarer und abnehmbarer Schulterriemen aus Leder.<\/p>\n<p>Maximale L\u00e4nge 120 cm Minimale L\u00e4nge 110 cm Maximaler Abstand 60 cm &#8211; Minimaler Abstand 55 cm Abnehmbarer Schl\u00fcsselhalter aus Leder Au\u00dfentaschen mit Rei\u00dfverschluss Logo-Schriftzug aus Metall auf dem Lederdreieck auf der Vorderseite Seitlicher Druckknopfverschluss Innenfutter aus Nylon Zwei Innentaschen, eine mit Rei\u00dfverschluss St\u00fctzf\u00fc\u00dfe am Boden H\u00f6he: 14.<\/p>\n<p>5cm Breite: 20cm L\u00e4nge: 9.5cm<\/p>\n","protected":false},"excerpt":{"rendered":"<p>Zustand: Neu, nie getragen. Zubeh\u00f6r: Staubbeutel, abnehmbarer Schulterriemen, Anh\u00e4nger. Die aus 83 Einzelteilen bestehende Prada Galleria Tasche ist eine wahre Fusion aus industrieller Pr\u00e4zision und der raffinierten Genauigkeit der Handwerkskunst, die nur von Hand erreicht werden kann. Das Design ist klar und elegant, aber dennoch pragmatisch, eine \u00e4sthetische Sprache zwischen Form und Funktion, die Geschichte und Zeitgenossenschaft vereint. Die Galleria Tasche ist die Definition von &#8220;zeitlos&#8221; und ist zu einem Markenzeichen der Identit\u00e4t von Prada im 21. Das Accessoire in der Mini-Version ist aus dem kultigen Saffiano-Leder mit Kratzereffekt und gewachstem Finish gefertigt, das vom Gr\u00fcnder selbst patentiert wurde. Griffe aus Leder Verstellbarer und abnehmbarer Schulterriemen aus Leder.    <\/p>\n","protected":false},"featured_media":5365,"template":"","meta":[],"product_brand":[],"product_cat":[152,163],"product_tag":[],"class_list":{"0":"post-5876","1":"product","2":"type-product","3":"status-publish","4":"has-post-thumbnail","6":"product_cat-borse-de","7":"product_cat-prada-de","9":"first","10":"instock","11":"sale","12":"taxable","13":"shipping-taxable","14":"purchasable","15":"product-type-simple"},"_links":{"self":[{"href":"https:\/\/deluxfindco.com\/de\/wp-json\/wp\/v2\/product\/5876","targetHints":{"allow":["GET"]}}],"collection":[{"href":"https:\/\/deluxfindco.com\/de\/wp-json\/wp\/v2\/product"}],"about":[{"href":"https:\/\/deluxfindco.com\/de\/wp-json\/wp\/v2\/types\/product"}],"wp:featuredmedia":[{"embeddable":true,"href":"https:\/\/deluxfindco.com\/de\/wp-json\/wp\/v2\/media\/5365"}],"wp:attachment":[{"href":"https:\/\/deluxfindco.com\/de\/wp-json\/wp\/v2\/media?parent=5876"}],"wp:term":[{"taxonomy":"product_brand","embeddable":true,"href":"https:\/\/deluxfindco.com\/de\/wp-json\/wp\/v2\/product_brand?post=5876"},{"taxonomy":"product_cat","embeddable":true,"href":"https:\/\/deluxfindco.com\/de\/wp-json\/wp\/v2\/product_cat?post=5876"},{"taxonomy":"product_tag","embeddable":true,"href":"https:\/\/deluxfindco.com\/de\/wp-json\/wp\/v2\/product_tag?post=5876"}],"curies":[{"name":"wp","href":"https:\/\/api.w.org\/{rel}","templated":true}]}}