{"id":5873,"date":"2025-01-08T08:52:12","date_gmt":"2025-01-08T08:52:12","guid":{"rendered":"https:\/\/deluxfindco.com\/product\/louis-vuitton-lv-capucines-mini-tasche-aus-weissem-leder\/"},"modified":"2025-02-01T09:06:02","modified_gmt":"2025-02-01T09:06:02","slug":"louis-vuitton-lv-capucines-mini-tasche-aus-weissem-leder","status":"publish","type":"product","link":"https:\/\/deluxfindco.com\/de\/produkt\/louis-vuitton-lv-capucines-mini-tasche-aus-weissem-leder\/","title":{"rendered":"Louis Vuitton LV Capucines Mini Tasche aus wei\u00dfem Leder"},"content":{"rendered":"<p>Louis Vuitton Capucines Tasche in Taurillon Leder in wei\u00dfer Farbe durch eine tiefe F\u00e4rbetechnik, diese Tasche ist clasificada als neu nie getragen, hat aber Mikrokratzer auf dem Metallteil der Basis (F\u00fc\u00dfe), wie Sie auf dem Foto zu sch\u00e4tzen wissen, der Griff und der Schultergurt hat keine Gebrauchsspuren und das Innere der Tasche ist tadellos. Komplett mit Staubsaugerbeutel <\/p>\n<p>RFID-Chip<\/p>\n<p>Beschreibung 21 x 14 x 8 cm (L\u00e4nge x H\u00f6he x Breite) Taurillon-Leder Farbe: Wei\u00df Taurillon-Lederbesatz Innenfutter aus Rindsleder Vergoldete Metallteile Zwei verschiedene Stile: die Klappe kann ausgeklappt oder in den Innenraum eingelegt werden Aufgeteilter Innenraum mit flacher Innentasche Vier St\u00fctzf\u00fc\u00dfe am Boden Schulterriemen: Abnehmbar, nicht verstellbar Schulterriemen H\u00f6he (leicht): 52,0 cm Griff: Einfach<\/p>\n","protected":false},"excerpt":{"rendered":"<p>Louis Vuitton Capucines Tasche in Taurillon Leder in der Farbe Wei\u00df mit einer tiefen F\u00e4rbetechnik, diese Tasche ist clasificada wie neu nie getragen, hat aber Mikrokratzer auf den Metallteilen der Basis (F\u00fc\u00dfe), wie Sie auf dem Bild sehen k\u00f6nnen, der Griff und der Schultergurt hat keine Gebrauchsspuren und das Innere der Tasche ist tadellos. Komplett mit Staubbeutel Chip RFID<\/p>\n","protected":false},"featured_media":5293,"template":"","meta":[],"product_brand":[],"product_cat":[152,157],"product_tag":[],"class_list":{"0":"post-5873","1":"product","2":"type-product","3":"status-publish","4":"has-post-thumbnail","6":"product_cat-borse-de","7":"product_cat-louis-vuitton-de","9":"first","10":"outofstock","11":"featured","12":"taxable","13":"shipping-taxable","14":"purchasable","15":"product-type-simple"},"_links":{"self":[{"href":"https:\/\/deluxfindco.com\/de\/wp-json\/wp\/v2\/product\/5873","targetHints":{"allow":["GET"]}}],"collection":[{"href":"https:\/\/deluxfindco.com\/de\/wp-json\/wp\/v2\/product"}],"about":[{"href":"https:\/\/deluxfindco.com\/de\/wp-json\/wp\/v2\/types\/product"}],"wp:featuredmedia":[{"embeddable":true,"href":"https:\/\/deluxfindco.com\/de\/wp-json\/wp\/v2\/media\/5293"}],"wp:attachment":[{"href":"https:\/\/deluxfindco.com\/de\/wp-json\/wp\/v2\/media?parent=5873"}],"wp:term":[{"taxonomy":"product_brand","embeddable":true,"href":"https:\/\/deluxfindco.com\/de\/wp-json\/wp\/v2\/product_brand?post=5873"},{"taxonomy":"product_cat","embeddable":true,"href":"https:\/\/deluxfindco.com\/de\/wp-json\/wp\/v2\/product_cat?post=5873"},{"taxonomy":"product_tag","embeddable":true,"href":"https:\/\/deluxfindco.com\/de\/wp-json\/wp\/v2\/product_tag?post=5873"}],"curies":[{"name":"wp","href":"https:\/\/api.w.org\/{rel}","templated":true}]}}