{"id":5866,"date":"2025-01-21T15:46:58","date_gmt":"2025-01-21T15:46:58","guid":{"rendered":"https:\/\/deluxfindco.com\/product\/hermes-azap-classique-chevre-geldboerse\/"},"modified":"2025-02-01T09:06:02","modified_gmt":"2025-02-01T09:06:02","slug":"hermes-azap-classique-chevre-geldboerse","status":"publish","type":"product","link":"https:\/\/deluxfindco.com\/de\/produkt\/hermes-azap-classique-chevre-geldboerse\/","title":{"rendered":"Herm\u00e9s Azap Classique Chevre Geldb\u00f6rse"},"content":{"rendered":"<p>Mysore, aus blauem Paonleder, silberne Palladiumbeschl\u00e4ge Zustand: Ausgezeichneter Zustand. 12 Kreditkartenf\u00e4cher. 4 flache F\u00e4cher. M\u00fcnzgeldb\u00f6rse mit Rei\u00dfverschluss Lederfutter<\/p>\n","protected":false},"excerpt":{"rendered":"<p>Mysore, blaues Paonleder, silberne Palladiumbeschl\u00e4ge Zustand: Ausgezeichneter Zustand. Hinweis: Herm\u00e9s Brieftasche wurde nie benutzt. Beschreibung: 12 Kreditkartenf\u00e4cher. 4 flache F\u00e4cher. M\u00fcnzgeldb\u00f6rse mit Rei\u00dfverschluss Lederfutter<\/p>\n","protected":false},"featured_media":5445,"template":"","meta":[],"product_brand":[],"product_cat":[181,182],"product_tag":[],"class_list":{"0":"post-5866","1":"product","2":"type-product","3":"status-publish","4":"has-post-thumbnail","6":"product_cat-geldborsen","7":"product_cat-hermes-de","9":"first","10":"instock","11":"sale","12":"taxable","13":"shipping-taxable","14":"purchasable","15":"product-type-simple"},"_links":{"self":[{"href":"https:\/\/deluxfindco.com\/de\/wp-json\/wp\/v2\/product\/5866","targetHints":{"allow":["GET"]}}],"collection":[{"href":"https:\/\/deluxfindco.com\/de\/wp-json\/wp\/v2\/product"}],"about":[{"href":"https:\/\/deluxfindco.com\/de\/wp-json\/wp\/v2\/types\/product"}],"wp:featuredmedia":[{"embeddable":true,"href":"https:\/\/deluxfindco.com\/de\/wp-json\/wp\/v2\/media\/5445"}],"wp:attachment":[{"href":"https:\/\/deluxfindco.com\/de\/wp-json\/wp\/v2\/media?parent=5866"}],"wp:term":[{"taxonomy":"product_brand","embeddable":true,"href":"https:\/\/deluxfindco.com\/de\/wp-json\/wp\/v2\/product_brand?post=5866"},{"taxonomy":"product_cat","embeddable":true,"href":"https:\/\/deluxfindco.com\/de\/wp-json\/wp\/v2\/product_cat?post=5866"},{"taxonomy":"product_tag","embeddable":true,"href":"https:\/\/deluxfindco.com\/de\/wp-json\/wp\/v2\/product_tag?post=5866"}],"curies":[{"name":"wp","href":"https:\/\/api.w.org\/{rel}","templated":true}]}}