{"id":5863,"date":"2025-01-21T16:14:36","date_gmt":"2025-01-21T16:14:36","guid":{"rendered":"https:\/\/deluxfindco.com\/product\/louis-vuitton-twist-tasche\/"},"modified":"2025-02-01T09:06:01","modified_gmt":"2025-02-01T09:06:01","slug":"louis-vuitton-twist-tasche","status":"publish","type":"product","link":"https:\/\/deluxfindco.com\/de\/produkt\/louis-vuitton-twist-tasche\/","title":{"rendered":"Louis Vuitton Twist Tasche"},"content":{"rendered":"<p>Louis Vuitton Twist PM Schulter\/Umh\u00e4ngetasche aus schwarzem Leder, goldene Beschl\u00e4ge. Zustand: Neu, nie getragen. Zubeh\u00f6r: Staubbeutel und Louis Vuitton Mini-Spiegel. RFID-Chip. Beschreibung: Die Twist PM Tasche ist aus dem emblematischen Epi-Leder der Maison gefertigt und wird durch den mittlerweile ikonischen LV-Drehverschluss und das unverwechselbare goldgl\u00e4nzende Metalldetail perfekt erg\u00e4nzt. <\/p>\n<p>Das kompakte und dennoch ger\u00e4umige Modell, das anl\u00e4sslich der Cruise 2015 Fashion Show vorgestellt wurde, zeichnet sich durch das raffinierte &#8220;Wellen&#8221;-Design des Bodens aus. Das exklusive Accessoire, das sich ideal zur Vervollst\u00e4ndigung von Tages- oder Abendoutfits eignet, verf\u00fcgt \u00fcber einen Schulterriemen mit verschiebbarer Kette, mit dem die auff\u00e4llige Kreation auf verschiedene Weise getragen werden kann. 15<\/p>\n<p>x 9 x 19 cm ( H\u00f6he x Breite x L\u00e4nge) Epi-Leder Farbe: Schwarz Epi-Lederbesatz Glattes Rindslederfutter Goldene Metallteile Ikonischer LV-Drehverschluss Gro\u00dfes Innenfach und Rei\u00dfverschlussfach Flaches Innenfach mit abnehmbarem Spiegel Kette:<\/p>\n<p>Schiebbar, nicht abnehmbar Kettenh\u00f6he (Light): 31,0 cm Kettenh\u00f6he (Light) Max: 54,0 cm<\/p>\n","protected":false},"excerpt":{"rendered":"<p>Die Twist PM Tasche ist aus dem emblematischen Epi-Leder der Maison gefertigt und wird durch den mittlerweile ikonischen LV-Drehverschluss mit seinem unverwechselbaren goldgl\u00e4nzenden Metalldetail perfekt erg\u00e4nzt.<br \/>\nDas kompakte und dennoch ger\u00e4umige Modell, das anl\u00e4sslich der Cruise 2015 Fashion Show vorgestellt wurde, zeichnet sich durch das raffinierte &#8220;Wellen&#8221;-Design des Bodens aus. Das exklusive Accessoire, das sich ideal zur Vervollst\u00e4ndigung von Tages- oder Abendoutfits eignet, verf\u00fcgt \u00fcber einen Schulterriemen mit einer verschiebbaren Kette, mit der die auff\u00e4llige Kreation auf unterschiedliche Weise getragen werden kann. <\/p>\n","protected":false},"featured_media":5493,"template":"","meta":[],"product_brand":[],"product_cat":[152,157],"product_tag":[],"class_list":{"0":"post-5863","1":"product","2":"type-product","3":"status-publish","4":"has-post-thumbnail","6":"product_cat-borse-de","7":"product_cat-louis-vuitton-de","9":"first","10":"instock","11":"sale","12":"taxable","13":"shipping-taxable","14":"purchasable","15":"product-type-simple"},"_links":{"self":[{"href":"https:\/\/deluxfindco.com\/de\/wp-json\/wp\/v2\/product\/5863","targetHints":{"allow":["GET"]}}],"collection":[{"href":"https:\/\/deluxfindco.com\/de\/wp-json\/wp\/v2\/product"}],"about":[{"href":"https:\/\/deluxfindco.com\/de\/wp-json\/wp\/v2\/types\/product"}],"wp:featuredmedia":[{"embeddable":true,"href":"https:\/\/deluxfindco.com\/de\/wp-json\/wp\/v2\/media\/5493"}],"wp:attachment":[{"href":"https:\/\/deluxfindco.com\/de\/wp-json\/wp\/v2\/media?parent=5863"}],"wp:term":[{"taxonomy":"product_brand","embeddable":true,"href":"https:\/\/deluxfindco.com\/de\/wp-json\/wp\/v2\/product_brand?post=5863"},{"taxonomy":"product_cat","embeddable":true,"href":"https:\/\/deluxfindco.com\/de\/wp-json\/wp\/v2\/product_cat?post=5863"},{"taxonomy":"product_tag","embeddable":true,"href":"https:\/\/deluxfindco.com\/de\/wp-json\/wp\/v2\/product_tag?post=5863"}],"curies":[{"name":"wp","href":"https:\/\/api.w.org\/{rel}","templated":true}]}}