{"id":5859,"date":"2025-01-21T16:10:34","date_gmt":"2025-01-21T16:10:34","guid":{"rendered":"https:\/\/deluxfindco.com\/product\/prada-einkaufstasche\/"},"modified":"2025-02-01T09:06:01","modified_gmt":"2025-02-01T09:06:01","slug":"prada-einkaufstasche","status":"publish","type":"product","link":"https:\/\/deluxfindco.com\/de\/produkt\/prada-einkaufstasche\/","title":{"rendered":"Prada Einkaufstasche"},"content":{"rendered":"<p>Prada Mittlere Einkaufstasche aus Leder, karamellfarben, goldene Beschl\u00e4ge. Zustand: Neu, nie getragen. Inhalt: Staubbeutel und Anh\u00e4nger&#8230; Hinweis: Die Tasche ist neu und nie getragen, Mikrokratzer auf 1 Bein sind auf dem Foto sichtbar. Produktdetails Moderner Charakter und raffinierte Ausstrahlung f\u00fcr diese Einkaufstasche mit strukturierter Silhouette. Das Modell zeichnet sich durch eine weite, bequeme \u00d6ffnung aus und verf\u00fcgt \u00fcber klare, minimale Linien, die durch die weiche Haptik des weich genarbten Leders betont werden. Das pragmatische Accessoire wird durch essentielle, aber raffinierte Details bereichert, die Ausdruck des handwerklichen Know-hows der Marke sind.<\/p>\n<p>Das Design wird durch die elegante Signatur des Schriftzugs vervollst\u00e4ndigt, die die raffinierte Schlichtheit des Ganzen unterstreicht. Griffe aus Leder, leicht 16 Metallverarbeitungen Schriftzug auf der Vorderseite aufgedruckt Innenraum aus Baumwollstoff mit zwei F\u00e4chern, eines davon mit Rei\u00dfverschluss Mit F\u00fc\u00dfen H\u00f6he: 23,5cm Breite: 32cm L\u00e4nge: 16cm<\/p>\n","protected":false},"excerpt":{"rendered":"<p>Moderner Charakter und raffinierte Anziehungskraft f\u00fcr diese Einkaufstasche mit einer strukturierten Silhouette. Das Modell, das sich durch eine weite und bequeme \u00d6ffnung auszeichnet, weist klare und minimale Linien auf, die durch die weiche Haptik von weichem Narbenleder betont werden. Das pragmatische Accessoire wird durch essentielle, aber raffinierte Details bereichert, die Ausdruck des handwerklichen Know-hows der Marke sind. Das Design wird durch Metalloberfl\u00e4chen beleuchtet und durch die elegante Signatur des Schriftzugs vervollst\u00e4ndigt, der die raffinierte Schlichtheit des Ganzen unterstreicht.   <\/p>\n","protected":false},"featured_media":5489,"template":"","meta":[],"product_brand":[],"product_cat":[152,163],"product_tag":[],"class_list":{"0":"post-5859","1":"product","2":"type-product","3":"status-publish","4":"has-post-thumbnail","6":"product_cat-borse-de","7":"product_cat-prada-de","9":"first","10":"instock","11":"taxable","12":"shipping-taxable","13":"purchasable","14":"product-type-simple"},"_links":{"self":[{"href":"https:\/\/deluxfindco.com\/de\/wp-json\/wp\/v2\/product\/5859","targetHints":{"allow":["GET"]}}],"collection":[{"href":"https:\/\/deluxfindco.com\/de\/wp-json\/wp\/v2\/product"}],"about":[{"href":"https:\/\/deluxfindco.com\/de\/wp-json\/wp\/v2\/types\/product"}],"wp:featuredmedia":[{"embeddable":true,"href":"https:\/\/deluxfindco.com\/de\/wp-json\/wp\/v2\/media\/5489"}],"wp:attachment":[{"href":"https:\/\/deluxfindco.com\/de\/wp-json\/wp\/v2\/media?parent=5859"}],"wp:term":[{"taxonomy":"product_brand","embeddable":true,"href":"https:\/\/deluxfindco.com\/de\/wp-json\/wp\/v2\/product_brand?post=5859"},{"taxonomy":"product_cat","embeddable":true,"href":"https:\/\/deluxfindco.com\/de\/wp-json\/wp\/v2\/product_cat?post=5859"},{"taxonomy":"product_tag","embeddable":true,"href":"https:\/\/deluxfindco.com\/de\/wp-json\/wp\/v2\/product_tag?post=5859"}],"curies":[{"name":"wp","href":"https:\/\/api.w.org\/{rel}","templated":true}]}}