{"id":5855,"date":"2025-01-21T18:58:29","date_gmt":"2025-01-21T18:58:29","guid":{"rendered":"https:\/\/deluxfindco.com\/product\/louis-vuitton-michael-rucksack\/"},"modified":"2025-02-01T09:06:01","modified_gmt":"2025-02-01T09:06:01","slug":"louis-vuitton-michael-rucksack","status":"publish","type":"product","link":"https:\/\/deluxfindco.com\/de\/produkt\/louis-vuitton-michael-rucksack\/","title":{"rendered":"Louis Vuitton Michael Rucksack"},"content":{"rendered":"<p>Louis Vuitton Rucksack aus Damier Canvas, silberne Hardware. Zustand: Sehr guter Zustand. Kit: Kein Kit. Jahr 2019. HINWEIS: Der Rucksack ist in einem sehr guten Zustand, zeigt Gebrauchsspuren an dem Metallteil, an dem der Riemen des Rucksacks verstellt wird (auf dem Foto sichtbar). Au\u00dferdem Mikrokratzer auf dem Leder auf der R\u00fcckseite des Rucksacks (auf dem Foto sichtbar). Obwohl der Rucksack in sehr gutem Zustand ist, ist das Damier-Canvas in sehr gutem Zustand.<\/p>\n<p>Beschreibung: 3 Rei\u00dfverschl\u00fcsse 1 Laptophalter 4 flache Taschen 2 Stifthalter Gr\u00f6\u00dfe: 18cm H\u00f6he 45cm x L\u00e4nge 28cm x Tiefe<\/p>\n","protected":false},"excerpt":{"rendered":"<p>Der Rucksack ist in sehr gutem Zustand. Er weist Gebrauchsspuren an dem Metallteil auf, an dem der Gurt des Rucksacks eingestellt wird (auf dem Foto sichtbar). Auch Mikrokratzer auf dem Leder auf der R\u00fcckseite des Rucksacks (auf dem Foto sichtbar). Obwohl der Rucksack in sehr gutem Zustand ist, ist das Damier-Canvas in sehr gutem Zustand.<\/p>\n","protected":false},"featured_media":5649,"template":"","meta":[],"product_brand":[],"product_cat":[152,157],"product_tag":[],"class_list":{"0":"post-5855","1":"product","2":"type-product","3":"status-publish","4":"has-post-thumbnail","6":"product_cat-borse-de","7":"product_cat-louis-vuitton-de","9":"first","10":"instock","11":"sale","12":"taxable","13":"shipping-taxable","14":"purchasable","15":"product-type-simple"},"_links":{"self":[{"href":"https:\/\/deluxfindco.com\/de\/wp-json\/wp\/v2\/product\/5855","targetHints":{"allow":["GET"]}}],"collection":[{"href":"https:\/\/deluxfindco.com\/de\/wp-json\/wp\/v2\/product"}],"about":[{"href":"https:\/\/deluxfindco.com\/de\/wp-json\/wp\/v2\/types\/product"}],"wp:featuredmedia":[{"embeddable":true,"href":"https:\/\/deluxfindco.com\/de\/wp-json\/wp\/v2\/media\/5649"}],"wp:attachment":[{"href":"https:\/\/deluxfindco.com\/de\/wp-json\/wp\/v2\/media?parent=5855"}],"wp:term":[{"taxonomy":"product_brand","embeddable":true,"href":"https:\/\/deluxfindco.com\/de\/wp-json\/wp\/v2\/product_brand?post=5855"},{"taxonomy":"product_cat","embeddable":true,"href":"https:\/\/deluxfindco.com\/de\/wp-json\/wp\/v2\/product_cat?post=5855"},{"taxonomy":"product_tag","embeddable":true,"href":"https:\/\/deluxfindco.com\/de\/wp-json\/wp\/v2\/product_tag?post=5855"}],"curies":[{"name":"wp","href":"https:\/\/api.w.org\/{rel}","templated":true}]}}