{"id":5854,"date":"2025-01-21T18:08:07","date_gmt":"2025-01-21T18:08:07","guid":{"rendered":"https:\/\/deluxfindco.com\/product\/gucci-dionysu-tasche\/"},"modified":"2025-02-01T09:06:01","modified_gmt":"2025-02-01T09:06:01","slug":"gucci-dionysu-tasche","status":"publish","type":"product","link":"https:\/\/deluxfindco.com\/de\/produkt\/gucci-dionysu-tasche\/","title":{"rendered":"Gucci Dionysu Tasche"},"content":{"rendered":"<p>Gucci Dionysus kleine Umh\u00e4ngetasche aus GG Supreme Stoff, rotem Wildleder, antiksilberne Beschl\u00e4ge. Zustand: Ausgezeichneter Zustand. Inhalt: Staubbeutel. Ecken: Ausgezeichneter Zustand. Innenausstattung: Ausgezeichneter Zustand. Beschreibung: Der Tigerkopfverschluss verleiht dieser strukturierten Tasche einen dekorativen Touch. Dank des verschiebbaren Kettenriemens, der auf verschiedene Arten getragen werden kann, kann sie als Umh\u00e4ngetasche oder Handtasche getragen werden.<\/p>\n<p>Handbemalte Kanten GG Supreme beige\/ebony Stoff, ein umweltfreundliches Material, mit roten Wildlederdetails Antikisierte silberfarbene Verzierungen Verschluss mit Pin und seitlichem Sicherheitssystem Verschluss mit Tigerk\u00f6pfen Rei\u00dfverschlussfach innen Tasche unter der Klappe Doppelte Zwickel Kleine Gr\u00f6\u00dfe:<\/p>\n<p>B 28 cm x H 17 cm x T 9 cm Made in Italy Wildlederfutter mit GG-Stoff Supreme-Innentaschen<\/p>\n","protected":false},"excerpt":{"rendered":"<p>Der Tigerkopf-Verschluss verleiht dieser strukturierten Tasche einen dekorativen Touch.<\/p>\n<p>Dank des verschiebbaren Kettenriemens, der auf verschiedene Weise getragen werden kann, kann sie als Umh\u00e4ngetasche oder Handtasche getragen werden. Handbemalte Kanten GG Supreme beige\/ebony Stoff, ein umweltfreundliches Material, mit rotem Wildlederdetail Antikisierte silberfarbene Verzierungen Pin und seitliches Sicherheitssystem Tigerkopfverschluss Innenfach mit Rei\u00dfverschluss Tasche unter der Klappe Doppelte Zwickel <\/p>\n","protected":false},"featured_media":5585,"template":"","meta":[],"product_brand":[],"product_cat":[152,154],"product_tag":[],"class_list":{"0":"post-5854","1":"product","2":"type-product","3":"status-publish","4":"has-post-thumbnail","6":"product_cat-borse-de","7":"product_cat-gucci-de-2","9":"first","10":"instock","11":"sale","12":"taxable","13":"shipping-taxable","14":"purchasable","15":"product-type-simple"},"_links":{"self":[{"href":"https:\/\/deluxfindco.com\/de\/wp-json\/wp\/v2\/product\/5854","targetHints":{"allow":["GET"]}}],"collection":[{"href":"https:\/\/deluxfindco.com\/de\/wp-json\/wp\/v2\/product"}],"about":[{"href":"https:\/\/deluxfindco.com\/de\/wp-json\/wp\/v2\/types\/product"}],"wp:featuredmedia":[{"embeddable":true,"href":"https:\/\/deluxfindco.com\/de\/wp-json\/wp\/v2\/media\/5585"}],"wp:attachment":[{"href":"https:\/\/deluxfindco.com\/de\/wp-json\/wp\/v2\/media?parent=5854"}],"wp:term":[{"taxonomy":"product_brand","embeddable":true,"href":"https:\/\/deluxfindco.com\/de\/wp-json\/wp\/v2\/product_brand?post=5854"},{"taxonomy":"product_cat","embeddable":true,"href":"https:\/\/deluxfindco.com\/de\/wp-json\/wp\/v2\/product_cat?post=5854"},{"taxonomy":"product_tag","embeddable":true,"href":"https:\/\/deluxfindco.com\/de\/wp-json\/wp\/v2\/product_tag?post=5854"}],"curies":[{"name":"wp","href":"https:\/\/api.w.org\/{rel}","templated":true}]}}